{"id":609757,"date":"2025-08-14T11:15:53","date_gmt":"2025-08-14T09:15:53","guid":{"rendered":"https:\/\/lucacastelli.com\/prodotto\/protos-nackenverschluss-ubergrosse-2\/"},"modified":"2026-04-15T09:52:13","modified_gmt":"2026-04-15T07:52:13","slug":"protos-nackenverschluss-ubergrosse-2-2","status":"publish","type":"product","link":"https:\/\/lucacastelli.com\/fr\/produit\/protos-nackenverschluss-ubergrosse-2-2\/","title":{"rendered":"Fermeture de nuque Protos\u00ae grande taille"},"content":{"rendered":"<p>Si la taille standard du Protos\u00ae est trop petite, il est possible de remplacer la fermeture arri\u00e8re. Cela permet de r\u00e9gler la taille du Protos\u00ae pour un tour de t\u00eate de 56 \u00e0 64 cm.<br \/>\nInformations<br \/>\nCet accessoire peut \u00eatre demand\u00e9 lors de la commande. <\/p>\n<p>&nbsp;<\/p>\n<p>Taille : r\u00e9glage du tour de t\u00eate pour des circonf\u00e9rences de 56 \u00e0 64 cm.<\/p>\n","protected":false},"excerpt":{"rendered":"<p>Si la taille standard du Protos\u00ae est trop petite, il est possible de remplacer la fermeture arri\u00e8re. Cela permet de<\/p>\n","protected":false},"featured_media":609035,"template":"","meta":{"_seopress_robots_primary_cat":"none","_seopress_titles_title":"","_seopress_titles_desc":"","_seopress_robots_index":""},"product_brand":[3669,4722],"product_cat":[144,1397,1405],"product_tag":[],"class_list":{"0":"post-609757","1":"product","2":"type-product","3":"status-publish","4":"has-post-thumbnail","6":"product_brand-pfanner-fr","7":"product_brand-protos-fr","8":"product_cat-equipement","9":"product_cat-equipement-de-travail","10":"product_cat-casques","11":"sws-gruppo-no-gruppo-fr","12":"sws-conto-ricavi-merci-rivendita-abbigliamento-fr","13":"sws-gruppo-iva-iva81-fr","15":"first","16":"instock","17":"shipping-taxable","18":"purchasable","19":"product-type-variable","20":"has-default-attributes"},"_links":{"self":[{"href":"https:\/\/lucacastelli.com\/fr\/wp-json\/wp\/v2\/product\/609757","targetHints":{"allow":["GET"]}}],"collection":[{"href":"https:\/\/lucacastelli.com\/fr\/wp-json\/wp\/v2\/product"}],"about":[{"href":"https:\/\/lucacastelli.com\/fr\/wp-json\/wp\/v2\/types\/product"}],"wp:featuredmedia":[{"embeddable":true,"href":"https:\/\/lucacastelli.com\/fr\/wp-json\/wp\/v2\/media\/609035"}],"wp:attachment":[{"href":"https:\/\/lucacastelli.com\/fr\/wp-json\/wp\/v2\/media?parent=609757"}],"wp:term":[{"taxonomy":"product_brand","embeddable":true,"href":"https:\/\/lucacastelli.com\/fr\/wp-json\/wp\/v2\/product_brand?post=609757"},{"taxonomy":"product_cat","embeddable":true,"href":"https:\/\/lucacastelli.com\/fr\/wp-json\/wp\/v2\/product_cat?post=609757"},{"taxonomy":"product_tag","embeddable":true,"href":"https:\/\/lucacastelli.com\/fr\/wp-json\/wp\/v2\/product_tag?post=609757"}],"curies":[{"name":"wp","href":"https:\/\/api.w.org\/{rel}","templated":true}]}}