{"id":609756,"date":"2025-08-14T11:14:34","date_gmt":"2025-08-14T09:14:34","guid":{"rendered":"https:\/\/lucacastelli.com\/prodotto\/protos-nackenverschluss-ubergrosse-2\/"},"modified":"2026-03-16T13:07:50","modified_gmt":"2026-03-16T12:07:50","slug":"protos-nackenverschluss-ubergrosse-2","status":"publish","type":"product","link":"https:\/\/lucacastelli.com\/fr\/produit\/protos-nackenverschluss-ubergrosse-2\/","title":{"rendered":"Protos\u00ae Nackenverschluss \u00dcbergr\u00f6sse"},"content":{"rendered":"<p>Si la taille standard du Protos\u00ae est trop petite, la fermeture arri\u00e8re peut \u00eatre remplac\u00e9e. Cela te permet d&#8217;ajuster la taille du Protos\u00ae de 56 \u00e0 64 cm de tour de t\u00eate.<br \/>\nInformation<br \/>\nCet accessoire peut \u00eatre demand\u00e9 lors de la commande. <\/p>\n<p>&nbsp;<\/p>\n<p>Taille : ajustement de la taille de la t\u00eate pour les tours de t\u00eate de 56 \u00e0 64 cm.<\/p>\n","protected":false},"excerpt":{"rendered":"<p>Si la taille standard du Protos\u00ae est trop petite, la fermeture arri\u00e8re peut \u00eatre remplac\u00e9e. Cela te permet d&#8217;ajuster la<\/p>\n","protected":false},"featured_media":609009,"template":"","meta":{"_seopress_robots_primary_cat":"","_seopress_titles_title":"","_seopress_titles_desc":"","_seopress_robots_index":""},"product_brand":[3669,4722],"product_cat":[144,1397,1405],"product_tag":[],"class_list":{"0":"post-609756","1":"product","2":"type-product","3":"status-publish","4":"has-post-thumbnail","6":"product_brand-pfanner-fr","7":"product_brand-protos-fr","8":"product_cat-equipement","9":"product_cat-equipement-de-travail","10":"product_cat-casques","11":"sws-gruppo-no-gruppo","12":"sws-conto-ricavi-merci-rivendita-abbigliamento","13":"sws-gruppo-iva-iva81","15":"first","16":"instock","17":"shipping-taxable","18":"purchasable","19":"product-type-variable"},"_links":{"self":[{"href":"https:\/\/lucacastelli.com\/fr\/wp-json\/wp\/v2\/product\/609756","targetHints":{"allow":["GET"]}}],"collection":[{"href":"https:\/\/lucacastelli.com\/fr\/wp-json\/wp\/v2\/product"}],"about":[{"href":"https:\/\/lucacastelli.com\/fr\/wp-json\/wp\/v2\/types\/product"}],"wp:featuredmedia":[{"embeddable":true,"href":"https:\/\/lucacastelli.com\/fr\/wp-json\/wp\/v2\/media\/609009"}],"wp:attachment":[{"href":"https:\/\/lucacastelli.com\/fr\/wp-json\/wp\/v2\/media?parent=609756"}],"wp:term":[{"taxonomy":"product_brand","embeddable":true,"href":"https:\/\/lucacastelli.com\/fr\/wp-json\/wp\/v2\/product_brand?post=609756"},{"taxonomy":"product_cat","embeddable":true,"href":"https:\/\/lucacastelli.com\/fr\/wp-json\/wp\/v2\/product_cat?post=609756"},{"taxonomy":"product_tag","embeddable":true,"href":"https:\/\/lucacastelli.com\/fr\/wp-json\/wp\/v2\/product_tag?post=609756"}],"curies":[{"name":"wp","href":"https:\/\/api.w.org\/{rel}","templated":true}]}}