{"id":609672,"date":"2025-08-14T11:28:58","date_gmt":"2025-08-14T09:28:58","guid":{"rendered":"https:\/\/lucacastelli.com\/prodotto\/protos-coin-de-demolition-5\/"},"modified":"2026-04-15T09:44:45","modified_gmt":"2026-04-15T07:44:45","slug":"protos-coin-de-demolition-5","status":"publish","type":"product","link":"https:\/\/lucacastelli.com\/fr\/produit\/protos-coin-de-demolition-5\/","title":{"rendered":"Protos\u00ae coin de d\u00e9molition"},"content":{"rendered":"<p>Les coques ext\u00e9rieures et les soupapes de ventilation PROTOS usag\u00e9es permettent de produire des granul\u00e9s ABS\/polyamide de tr\u00e8s haute qualit\u00e9. Ce granul\u00e9 est id\u00e9al pour r\u00e9pondre aux exigences \u00e9lev\u00e9es des coins de coupe. Il offre une r\u00e9sistance extr\u00eame aux chocs et couvre des plages de temp\u00e9rature allant de -30 \u00e0 +50 degr\u00e9s.<br \/>\n-Denture sur un c\u00f4t\u00e9 (75 dents en structure nid d\u2019abeille) pour une accroche optimale<br \/>\n-Structure grossi\u00e8re sur un c\u00f4t\u00e9 pour faciliter l\u2019insertion d\u2019un autre coin<br \/>\n-Surfaces d\u2019impact g\u00e9n\u00e9reusement arrondies<br \/>\n-Disponible en cinq couleurs bien visibles<br \/>\n-Fabriqu\u00e9 en Autriche  <\/p>\n<p>Mat\u00e9riau : 75 % ABS recycl\u00e9, 25 % ABS<br \/>\nDimensions : 23,7 cm x 8 cm x 3,2 cm<br \/>\nPoids : 350 g<\/p>\n","protected":false},"excerpt":{"rendered":"<p>Les coques ext\u00e9rieures et les soupapes de ventilation PROTOS usag\u00e9es permettent de produire des granul\u00e9s ABS\/polyamide de tr\u00e8s haute qualit\u00e9.<\/p>\n","protected":false},"featured_media":609642,"template":"","meta":{"_seopress_robots_primary_cat":"none","_seopress_titles_title":"","_seopress_titles_desc":"","_seopress_robots_index":""},"product_brand":[3458,4381],"product_cat":[29,484],"product_tag":[],"class_list":{"0":"post-609672","1":"product","2":"type-product","3":"status-publish","4":"has-post-thumbnail","6":"product_brand-pfanner","7":"product_brand-protos","8":"product_cat-macchinari","9":"product_cat-utensili-e-accessori-forestali","10":"sws-gruppo-no-gruppo-fr","11":"sws-categoria-sito-fr","12":"sws-conto-ricavi-merci-rivendita-abbigliamento-fr","13":"sws-gruppo-iva-iva81-fr","15":"first","16":"instock","17":"shipping-taxable","18":"purchasable","19":"product-type-variable","20":"has-default-attributes"},"_links":{"self":[{"href":"https:\/\/lucacastelli.com\/fr\/wp-json\/wp\/v2\/product\/609672","targetHints":{"allow":["GET"]}}],"collection":[{"href":"https:\/\/lucacastelli.com\/fr\/wp-json\/wp\/v2\/product"}],"about":[{"href":"https:\/\/lucacastelli.com\/fr\/wp-json\/wp\/v2\/types\/product"}],"wp:featuredmedia":[{"embeddable":true,"href":"https:\/\/lucacastelli.com\/fr\/wp-json\/wp\/v2\/media\/609642"}],"wp:attachment":[{"href":"https:\/\/lucacastelli.com\/fr\/wp-json\/wp\/v2\/media?parent=609672"}],"wp:term":[{"taxonomy":"product_brand","embeddable":true,"href":"https:\/\/lucacastelli.com\/fr\/wp-json\/wp\/v2\/product_brand?post=609672"},{"taxonomy":"product_cat","embeddable":true,"href":"https:\/\/lucacastelli.com\/fr\/wp-json\/wp\/v2\/product_cat?post=609672"},{"taxonomy":"product_tag","embeddable":true,"href":"https:\/\/lucacastelli.com\/fr\/wp-json\/wp\/v2\/product_tag?post=609672"}],"curies":[{"name":"wp","href":"https:\/\/api.w.org\/{rel}","templated":true}]}}