{"id":609656,"date":"2025-08-14T11:31:06","date_gmt":"2025-08-14T09:31:06","guid":{"rendered":"https:\/\/lucacastelli.com\/prodotto\/protos-coin-de-demolition-3\/"},"modified":"2026-04-15T09:54:08","modified_gmt":"2026-04-15T07:54:08","slug":"protos-coin-de-demolition-3","status":"publish","type":"product","link":"https:\/\/lucacastelli.com\/fr\/produit\/protos-coin-de-demolition-3\/","title":{"rendered":"Protos\u00ae Coin de d\u00e9molition"},"content":{"rendered":"<p>Les coques externes et les valves de ventilation PROTOS mises au rebut permettent de produire un granulat ABS\/polyamide de tr\u00e8s haute qualit\u00e9. Ce granulat est id\u00e9al pour r\u00e9pondre aux exigences \u00e9lev\u00e9es des coins de coupe. Il offre une r\u00e9sistance extr\u00eame aux chocs et couvre des plages de temp\u00e9rature de -30 \u00e0 +50 degr\u00e9s.<br \/>\n-Denture sur un c\u00f4t\u00e9 (75 dents en structure en nid d&#8217;abeille) pour une prise optimale<br \/>\n-Structure grossi\u00e8re sur un c\u00f4t\u00e9 pour faciliter l&#8217;insertion d&#8217;un autre coin<br \/>\n-Surfaces de frappe g\u00e9n\u00e9reusement arrondies<br \/>\n-Disponible en cinq couleurs bien visibles<br \/>\n-Fabriqu\u00e9 en Autriche  <\/p>\n<p>Mat\u00e9riau : 75 % ABS recycl\u00e9, 25 % ABS<br \/>\nDimensions : 23,7 cm x 8 cm x 3,2 cm<br \/>\nPoids : 350 g<\/p>\n","protected":false},"excerpt":{"rendered":"<p>Les coques externes et les valves de ventilation PROTOS mises au rebut permettent de produire un granulat ABS\/polyamide de tr\u00e8s<\/p>\n","protected":false},"featured_media":609638,"template":"","meta":{"_seopress_robots_primary_cat":"none","_seopress_titles_title":"","_seopress_titles_desc":"","_seopress_robots_index":""},"product_brand":[3669,4722],"product_cat":[167,1685],"product_tag":[],"class_list":{"0":"post-609656","1":"product","2":"type-product","3":"status-publish","4":"has-post-thumbnail","6":"product_brand-pfanner-fr","7":"product_brand-protos-fr","8":"product_cat-machines","9":"product_cat-outils-et-accessoires-forestiers","10":"sws-gruppo-no-gruppo-fr","11":"sws-categoria-sito-fr","12":"sws-conto-ricavi-merci-rivendita-abbigliamento-fr","13":"sws-gruppo-iva-iva81-fr","15":"first","16":"instock","17":"shipping-taxable","18":"purchasable","19":"product-type-variable","20":"has-default-attributes"},"_links":{"self":[{"href":"https:\/\/lucacastelli.com\/fr\/wp-json\/wp\/v2\/product\/609656","targetHints":{"allow":["GET"]}}],"collection":[{"href":"https:\/\/lucacastelli.com\/fr\/wp-json\/wp\/v2\/product"}],"about":[{"href":"https:\/\/lucacastelli.com\/fr\/wp-json\/wp\/v2\/types\/product"}],"wp:featuredmedia":[{"embeddable":true,"href":"https:\/\/lucacastelli.com\/fr\/wp-json\/wp\/v2\/media\/609638"}],"wp:attachment":[{"href":"https:\/\/lucacastelli.com\/fr\/wp-json\/wp\/v2\/media?parent=609656"}],"wp:term":[{"taxonomy":"product_brand","embeddable":true,"href":"https:\/\/lucacastelli.com\/fr\/wp-json\/wp\/v2\/product_brand?post=609656"},{"taxonomy":"product_cat","embeddable":true,"href":"https:\/\/lucacastelli.com\/fr\/wp-json\/wp\/v2\/product_cat?post=609656"},{"taxonomy":"product_tag","embeddable":true,"href":"https:\/\/lucacastelli.com\/fr\/wp-json\/wp\/v2\/product_tag?post=609656"}],"curies":[{"name":"wp","href":"https:\/\/api.w.org\/{rel}","templated":true}]}}