{"id":609621,"date":"2025-08-10T14:28:25","date_gmt":"2025-08-10T12:28:25","guid":{"rendered":"https:\/\/lucacastelli.com\/prodotto\/milwaukee-banc-de-scie-28-m\/"},"modified":"2025-08-10T14:28:25","modified_gmt":"2025-08-10T12:28:25","slug":"milwaukee-banc-de-scie-28-m","status":"publish","type":"product","link":"https:\/\/lucacastelli.com\/fr\/produit\/milwaukee-banc-de-scie-28-m\/","title":{"rendered":"Milwaukee Banc de scie 2,8 m"},"content":{"rendered":"<p>MSUV280 LEGSTAND<br \/>\nConception pliable pour un transport et un rangement pratiques;Verrouillage par p\u00e9dale pour un assemblage rapide avec une scie \u00e0 onglets mont\u00e9e;Convient \u00e0 toutes les scies \u00e0 onglets MILWAUKEEE\u00ae, \u00e9quip\u00e9es de supports universels \u00e0 d\u00e9gagement rapide;Rouleaux pour une manipulation plus facile des mat\u00e9riaux plus volumineux;Extension maximale jusqu&#8217;\u00e0 2,8 m;Capacit\u00e9 de charge maximale de 136 kg;Tablette de rangement int\u00e9gr\u00e9e;\u00c9quip\u00e9e de roues pour un transport facile sur terrain accident\u00e9<\/p>\n<p>4933478992<br \/>\n.<\/p>\n","protected":false},"excerpt":{"rendered":"<p>B\u00c9QUILLE MSUV280<\/p>\n","protected":false},"featured_media":579653,"template":"","meta":{"_seopress_robots_primary_cat":"","_seopress_titles_title":"","_seopress_titles_desc":"","_seopress_robots_index":""},"product_brand":[3407],"product_cat":[29,495,496],"product_tag":[3270],"class_list":{"0":"post-609621","1":"product","2":"type-product","3":"status-publish","4":"has-post-thumbnail","6":"product_brand-milwaukee","7":"product_cat-macchinari","8":"product_cat-troncatrici-e-mototroncatrici","9":"product_cat-troncatrici","10":"product_tag-import-milwau","11":"sws-conto-ricavi-merci-rivendita-macchinari-fr","12":"sws-gruppo-iva-iva81-fr","14":"first","15":"onbackorder","16":"sale","17":"shipping-taxable","18":"purchasable","19":"product-type-simple"},"_links":{"self":[{"href":"https:\/\/lucacastelli.com\/fr\/wp-json\/wp\/v2\/product\/609621","targetHints":{"allow":["GET"]}}],"collection":[{"href":"https:\/\/lucacastelli.com\/fr\/wp-json\/wp\/v2\/product"}],"about":[{"href":"https:\/\/lucacastelli.com\/fr\/wp-json\/wp\/v2\/types\/product"}],"wp:featuredmedia":[{"embeddable":true,"href":"https:\/\/lucacastelli.com\/fr\/wp-json\/wp\/v2\/media\/579653"}],"wp:attachment":[{"href":"https:\/\/lucacastelli.com\/fr\/wp-json\/wp\/v2\/media?parent=609621"}],"wp:term":[{"taxonomy":"product_brand","embeddable":true,"href":"https:\/\/lucacastelli.com\/fr\/wp-json\/wp\/v2\/product_brand?post=609621"},{"taxonomy":"product_cat","embeddable":true,"href":"https:\/\/lucacastelli.com\/fr\/wp-json\/wp\/v2\/product_cat?post=609621"},{"taxonomy":"product_tag","embeddable":true,"href":"https:\/\/lucacastelli.com\/fr\/wp-json\/wp\/v2\/product_tag?post=609621"}],"curies":[{"name":"wp","href":"https:\/\/api.w.org\/{rel}","templated":true}]}}