{"id":609617,"date":"2025-08-10T14:28:26","date_gmt":"2025-08-10T12:28:26","guid":{"rendered":"https:\/\/lucacastelli.com\/prodotto\/milwaukee-banc-de-scie-30-m\/"},"modified":"2025-08-10T14:28:26","modified_gmt":"2025-08-10T12:28:26","slug":"milwaukee-banc-de-scie-30-m","status":"publish","type":"product","link":"https:\/\/lucacastelli.com\/fr\/produit\/milwaukee-banc-de-scie-30-m\/","title":{"rendered":"Milwaukee Banc de scie 3,0 m"},"content":{"rendered":"<p>MSL 3000 \/BANKS PORTA Tron\u00e7onneuses<br \/>\n\u00c9quip\u00e9 de roues pour faciliter le transport sur les terrains accident\u00e9s;Longueur 1,2 m;Extension maximale jusqu&#8217;\u00e0 3,00 m;Capacit\u00e9 de charge maximale 250 kg;Pieds r\u00e9glables pour une meilleure stabilit\u00e9;Hauteur de travail 81 cm;R\u00e9glage facile;Montage rapide;Rouleaux coulissants pour faciliter la manipulation des mat\u00e9riaux plus volumineux<\/p>\n<p>4933411565<br \/>\n4002395236213.<\/p>\n","protected":false},"excerpt":{"rendered":"<p>MSL 3000 \/TABLES DE TRON\u00c7ONNEUSES<\/p>\n","protected":false},"featured_media":568948,"template":"","meta":{"_seopress_robots_primary_cat":"","_seopress_titles_title":"","_seopress_titles_desc":"","_seopress_robots_index":""},"product_brand":[3658],"product_cat":[1689,167,1686],"product_tag":[3273],"class_list":{"0":"post-609617","1":"product","2":"type-product","3":"status-publish","4":"has-post-thumbnail","6":"product_brand-milwaukee-fr","7":"product_cat-coupe-bordures-et-elagueurs","8":"product_cat-machines","9":"product_cat-tronconneuses-fr","10":"product_tag-import-milwau-fr","11":"sws-conto-ricavi-merci-rivendita-macchinari-fr","12":"sws-gruppo-iva-iva81-fr","14":"first","15":"onbackorder","16":"sale","17":"shipping-taxable","18":"purchasable","19":"product-type-simple"},"_links":{"self":[{"href":"https:\/\/lucacastelli.com\/fr\/wp-json\/wp\/v2\/product\/609617","targetHints":{"allow":["GET"]}}],"collection":[{"href":"https:\/\/lucacastelli.com\/fr\/wp-json\/wp\/v2\/product"}],"about":[{"href":"https:\/\/lucacastelli.com\/fr\/wp-json\/wp\/v2\/types\/product"}],"wp:featuredmedia":[{"embeddable":true,"href":"https:\/\/lucacastelli.com\/fr\/wp-json\/wp\/v2\/media\/568948"}],"wp:attachment":[{"href":"https:\/\/lucacastelli.com\/fr\/wp-json\/wp\/v2\/media?parent=609617"}],"wp:term":[{"taxonomy":"product_brand","embeddable":true,"href":"https:\/\/lucacastelli.com\/fr\/wp-json\/wp\/v2\/product_brand?post=609617"},{"taxonomy":"product_cat","embeddable":true,"href":"https:\/\/lucacastelli.com\/fr\/wp-json\/wp\/v2\/product_cat?post=609617"},{"taxonomy":"product_tag","embeddable":true,"href":"https:\/\/lucacastelli.com\/fr\/wp-json\/wp\/v2\/product_tag?post=609617"}],"curies":[{"name":"wp","href":"https:\/\/api.w.org\/{rel}","templated":true}]}}