{"id":609616,"date":"2025-08-10T14:28:24","date_gmt":"2025-08-10T12:28:24","guid":{"rendered":"https:\/\/lucacastelli.com\/prodotto\/milwaukee-banc-de-scie-25-m\/"},"modified":"2025-08-10T14:28:24","modified_gmt":"2025-08-10T12:28:24","slug":"milwaukee-banc-de-scie-25-m","status":"publish","type":"product","link":"https:\/\/lucacastelli.com\/fr\/produit\/milwaukee-banc-de-scie-25-m\/","title":{"rendered":"Milwaukee Banc de scie 2,5 m"},"content":{"rendered":"<p>Bancs MSL 2000 \/TRONCATRACK<br \/>\nStructure en aluminium, l\u00e9g\u00e8re \u00e0 transporter;Longueur 1,09 m;Extension maximale jusqu&#8217;\u00e0 2,54 m;Capacit\u00e9 de charge maximale 227 kg;Pieds r\u00e9glables pour plus de stabilit\u00e9;Supports universels \u00e0 fixation rapide;Longueur r\u00e9glable;Conception pliable<\/p>\n<p>4933459617<br \/>\n4058546027896.<\/p>\n","protected":false},"excerpt":{"rendered":"<p>MSL 2000 \/TABLES DE TRON\u00c7ONNEUSES<\/p>\n","protected":false},"featured_media":572547,"template":"","meta":{"_seopress_robots_primary_cat":"","_seopress_titles_title":"","_seopress_titles_desc":"","_seopress_robots_index":""},"product_brand":[3658],"product_cat":[167,1689,1686],"product_tag":[3273],"class_list":{"0":"post-609616","1":"product","2":"type-product","3":"status-publish","4":"has-post-thumbnail","6":"product_brand-milwaukee-fr","7":"product_cat-machines","8":"product_cat-coupe-bordures-et-elagueurs","9":"product_cat-tronconneuses-fr","10":"product_tag-import-milwau-fr","11":"sws-conto-ricavi-merci-rivendita-macchinari-fr","12":"sws-gruppo-iva-iva81-fr","14":"first","15":"onbackorder","16":"sale","17":"shipping-taxable","18":"purchasable","19":"product-type-simple"},"_links":{"self":[{"href":"https:\/\/lucacastelli.com\/fr\/wp-json\/wp\/v2\/product\/609616","targetHints":{"allow":["GET"]}}],"collection":[{"href":"https:\/\/lucacastelli.com\/fr\/wp-json\/wp\/v2\/product"}],"about":[{"href":"https:\/\/lucacastelli.com\/fr\/wp-json\/wp\/v2\/types\/product"}],"wp:featuredmedia":[{"embeddable":true,"href":"https:\/\/lucacastelli.com\/fr\/wp-json\/wp\/v2\/media\/572547"}],"wp:attachment":[{"href":"https:\/\/lucacastelli.com\/fr\/wp-json\/wp\/v2\/media?parent=609616"}],"wp:term":[{"taxonomy":"product_brand","embeddable":true,"href":"https:\/\/lucacastelli.com\/fr\/wp-json\/wp\/v2\/product_brand?post=609616"},{"taxonomy":"product_cat","embeddable":true,"href":"https:\/\/lucacastelli.com\/fr\/wp-json\/wp\/v2\/product_cat?post=609616"},{"taxonomy":"product_tag","embeddable":true,"href":"https:\/\/lucacastelli.com\/fr\/wp-json\/wp\/v2\/product_tag?post=609616"}],"curies":[{"name":"wp","href":"https:\/\/api.w.org\/{rel}","templated":true}]}}