{"id":609610,"date":"2025-08-08T17:41:34","date_gmt":"2025-08-08T15:41:34","guid":{"rendered":"https:\/\/lucacastelli.com\/prodotto\/milwaukee-tronconneuses\/"},"modified":"2025-08-08T17:41:34","modified_gmt":"2025-08-08T15:41:34","slug":"milwaukee-tronconneuses","status":"publish","type":"product","link":"https:\/\/lucacastelli.com\/fr\/produit\/milwaukee-tronconneuses\/","title":{"rendered":"Milwaukee Tron\u00e7onneuses"},"content":{"rendered":"<p>M18 FCOS230-121 \/ TRON\u00c7ONNEUSES<br \/>\nLa premi\u00e8re tron\u00e7onneuse 18 V sans fil au monde avec une lame de 230 mm qui offre la puissance n\u00e9cessaire pour couper le b\u00e9ton avec la flexibilit\u00e9 de la plateforme M18 sans fil, tout en \u00e9tant 50 % plus l\u00e9g\u00e8re que les outils similaires \u00e0 essence;D\u00e9marre imm\u00e9diatement, \u00e9limine le besoin de m\u00e9langer les carburants et ne n\u00e9cessite aucun entretien du moteur;Pas d&#8217;\u00e9missions, id\u00e9ale pour les travaux dans les espaces clos;Syst\u00e8me RAPIDSTOP\u2122 de freinage de la lame, indicateur de surcharge, vibrations les plus faibles de la cat\u00e9gorie 1.81 m\/s\u00b2;Profondeur de coupe de 85 mm pour les meilleures performances de sa cat\u00e9gorie;Adapt\u00e9 \u00e0 la coupe humide gr\u00e2ce \u00e0 l&#8217;alimentation en eau bilat\u00e9rale;Syst\u00e8me HIGH OUTPUT\u2122, am\u00e9liore les performances et l&#8217;autonomie de la technologie M18 FUEL;Syst\u00e8me de suivi et de s\u00e9curit\u00e9 ONE-KEY\u2122 offre un suivi et une gestion des stocks gratuits bas\u00e9s sur le cloud, dispose \u00e9galement d&#8217;une fonctionnalit\u00e9 de verrouillage \u00e0 distance;Compatible avec la pompe de pulv\u00e9risation M18\u2122 SWITCH TANK\u2122;Fonctionne avec toutes les batteries M18\u2122 MILWAUKEEE\u00ae.<\/p>\n<p>4933499175<br \/>\n4058546563394<\/p>\n","protected":false},"excerpt":{"rendered":"<p>M18 FCOS230-121 \/ TRON\u00c7ONNEUSES<\/p>\n","protected":false},"featured_media":434944,"template":"","meta":{"_seopress_robots_primary_cat":"","_seopress_titles_title":"","_seopress_titles_desc":"","_seopress_robots_index":""},"product_brand":[3407],"product_cat":[29,495,496],"product_tag":[3270],"class_list":{"0":"post-609610","1":"product","2":"type-product","3":"status-publish","4":"has-post-thumbnail","6":"product_brand-milwaukee","7":"product_cat-macchinari","8":"product_cat-troncatrici-e-mototroncatrici","9":"product_cat-troncatrici","10":"product_tag-import-milwau","11":"sws-conto-ricavi-merci-rivendita-macchinari-fr","12":"sws-gruppo-iva-iva81-fr","14":"first","15":"onbackorder","16":"sale","17":"shipping-taxable","18":"purchasable","19":"product-type-simple"},"_links":{"self":[{"href":"https:\/\/lucacastelli.com\/fr\/wp-json\/wp\/v2\/product\/609610","targetHints":{"allow":["GET"]}}],"collection":[{"href":"https:\/\/lucacastelli.com\/fr\/wp-json\/wp\/v2\/product"}],"about":[{"href":"https:\/\/lucacastelli.com\/fr\/wp-json\/wp\/v2\/types\/product"}],"wp:featuredmedia":[{"embeddable":true,"href":"https:\/\/lucacastelli.com\/fr\/wp-json\/wp\/v2\/media\/434944"}],"wp:attachment":[{"href":"https:\/\/lucacastelli.com\/fr\/wp-json\/wp\/v2\/media?parent=609610"}],"wp:term":[{"taxonomy":"product_brand","embeddable":true,"href":"https:\/\/lucacastelli.com\/fr\/wp-json\/wp\/v2\/product_brand?post=609610"},{"taxonomy":"product_cat","embeddable":true,"href":"https:\/\/lucacastelli.com\/fr\/wp-json\/wp\/v2\/product_cat?post=609610"},{"taxonomy":"product_tag","embeddable":true,"href":"https:\/\/lucacastelli.com\/fr\/wp-json\/wp\/v2\/product_tag?post=609610"}],"curies":[{"name":"wp","href":"https:\/\/api.w.org\/{rel}","templated":true}]}}