{"id":609604,"date":"2025-08-08T17:41:33","date_gmt":"2025-08-08T15:41:33","guid":{"rendered":"https:\/\/lucacastelli.com\/prodotto\/tronconneuses-milwaukee-mx-fuel-350-mm-de-2eme-generation\/"},"modified":"2025-08-08T17:41:33","modified_gmt":"2025-08-08T15:41:33","slug":"tronconneuses-milwaukee-mx-fuel-350-mm-de-2eme-generation","status":"publish","type":"product","link":"https:\/\/lucacastelli.com\/fr\/produit\/tronconneuses-milwaukee-mx-fuel-350-mm-de-2eme-generation\/","title":{"rendered":"Tron\u00e7onneuses Milwaukee MX FUEL 350 mm de 2\u00e8me g\u00e9n\u00e9ration."},"content":{"rendered":"<p>MXF COS350G2-802 \/MX FUEL<br \/>\nTron\u00e7onneuse aliment\u00e9e par batterie, utilisable en int\u00e9rieur gr\u00e2ce \u00e0 l&#8217;absence d&#8217;\u00e9missions;Syst\u00e8me d&#8217;alimentation en eau int\u00e9gr\u00e9 pour les coupes humides (compatible avec la pompe pulv\u00e9risatrice M18 SWITCH TANK\u2122);Chariot disponible s\u00e9par\u00e9ment pour r\u00e9aliser des coupes longues et pr\u00e9cises (MXF COSCG2);Tron\u00e7onneuse sans fil de 350 mm, puissante pour couper le b\u00e9ton arm\u00e9 avec une profondeur de coupe maximale de 125 mm et une vitesse de 5.370 tr\/min;Coupes plus rapides : il suffit d&#8217;appuyer sur le bouton de d\u00e9marrage et de le maintenir enfonc\u00e9 pendant 3 secondes pour d\u00e9marrer l&#8217;outil, ce qui \u00e9limine la n\u00e9cessit\u00e9 de m\u00e9langer l&#8217;essence et l&#8217;huile et d&#8217;entretenir le moteur \u00e0 essence;RAPIDSTOP\u2122 : la lame s&#8217;arr\u00eate en moins de 3 secondes;Syst\u00e8me anti-rebond : \u00e9vite \u00e0 l&#8217;utilisateur de se blesser;Fournie avec 1 lame diamant\u00e9e HUDD 350 mm et un sac pour la batterie et le chargeur;Lames recommand\u00e9es : DUH \/ DU pour couper les tuyaux m\u00e9talliques, les canalisations, les conduits, XHUDD \/ HUDD \/ Steelhead pour couper le b\u00e9ton arm\u00e9 dur, HUDD \/ DUH pour couper les barres d&#8217;armature, Steelhead \/ XHUDD \/ HUDD pour couper le m\u00e9tal \u00e9pais, Steelhead \/ Disque abrasif pour couper la fonte, ADD \/ AUDD pour couper l&#8217;asphalte, Disque multi-mat\u00e9riaux pour couper la fonte ductile;Le syst\u00e8me MX FUEL te permet d&#8217;atteindre de nouveaux horizons en mati\u00e8re d&#8217;alimentation par batterie : performance des solutions \u00e0 essence, sans fil ou pneumatiques, en \u00e9liminant les risques li\u00e9s aux \u00e9missions, au bruit, aux vibrations, aux tr\u00e9buchements ainsi qu&#8217;\u00e0 l&#8217;entretien complexe;Le syst\u00e8me ONE-KEY\u2122 Tracking &amp; Security offre un suivi et une gestion des stocks gratuits bas\u00e9s sur le cloud, y compris une fonctionnalit\u00e9 de verrouillage \u00e0 distance.<\/p>\n<p>4933480480<br \/>\n4058546407650<\/p>\n","protected":false},"excerpt":{"rendered":"<p>MXF COS350G2-802 \/MX FUEL<\/p>\n","protected":false},"featured_media":582644,"template":"","meta":{"_seopress_robots_primary_cat":"","_seopress_titles_title":"","_seopress_titles_desc":"","_seopress_robots_index":""},"product_brand":[3407],"product_cat":[29,495,496],"product_tag":[3270],"class_list":{"0":"post-609604","1":"product","2":"type-product","3":"status-publish","4":"has-post-thumbnail","6":"product_brand-milwaukee","7":"product_cat-macchinari","8":"product_cat-troncatrici-e-mototroncatrici","9":"product_cat-troncatrici","10":"product_tag-import-milwau","11":"sws-conto-ricavi-merci-rivendita-macchinari-fr","12":"sws-gruppo-iva-iva81-fr","14":"first","15":"onbackorder","16":"sale","17":"shipping-taxable","18":"purchasable","19":"product-type-simple"},"_links":{"self":[{"href":"https:\/\/lucacastelli.com\/fr\/wp-json\/wp\/v2\/product\/609604","targetHints":{"allow":["GET"]}}],"collection":[{"href":"https:\/\/lucacastelli.com\/fr\/wp-json\/wp\/v2\/product"}],"about":[{"href":"https:\/\/lucacastelli.com\/fr\/wp-json\/wp\/v2\/types\/product"}],"wp:featuredmedia":[{"embeddable":true,"href":"https:\/\/lucacastelli.com\/fr\/wp-json\/wp\/v2\/media\/582644"}],"wp:attachment":[{"href":"https:\/\/lucacastelli.com\/fr\/wp-json\/wp\/v2\/media?parent=609604"}],"wp:term":[{"taxonomy":"product_brand","embeddable":true,"href":"https:\/\/lucacastelli.com\/fr\/wp-json\/wp\/v2\/product_brand?post=609604"},{"taxonomy":"product_cat","embeddable":true,"href":"https:\/\/lucacastelli.com\/fr\/wp-json\/wp\/v2\/product_cat?post=609604"},{"taxonomy":"product_tag","embeddable":true,"href":"https:\/\/lucacastelli.com\/fr\/wp-json\/wp\/v2\/product_tag?post=609604"}],"curies":[{"name":"wp","href":"https:\/\/api.w.org\/{rel}","templated":true}]}}