{"id":609603,"date":"2025-08-08T17:41:31","date_gmt":"2025-08-08T15:41:31","guid":{"rendered":"https:\/\/lucacastelli.com\/prodotto\/milwaukee-tronconneuses-radiales\/"},"modified":"2026-04-15T22:56:01","modified_gmt":"2026-04-15T20:56:01","slug":"milwaukee-tronconneuses-radiales","status":"publish","type":"product","link":"https:\/\/lucacastelli.com\/fr\/produit\/milwaukee-tronconneuses-radiales\/","title":{"rendered":"MILWAUKEE Tron\u00e7onneuse radiale"},"content":{"rendered":"<p>M18 FMS305-121 \/ TRON\u00c7ONNEUSES RADIALES<br \/>\nOffre une puissance de coupe \u00e9quivalente \u00e0 celle d\u2019une scie filaire de 305 mm, avec la possibilit\u00e9 de couper jusqu\u2019\u00e0 500 planches de pin de 78 mm par charge (12.0 Ah) ; Syst\u00e8me HIGH OUTPUT\u2122, augmente les performances et l\u2019autonomie de la technologie M18 FUEL\u2122 ; Compatible avec tous les supports pour tron\u00e7onneuses Milwaukee (MSL 1000, MSL 2000, MSL 3000) ; Possibilit\u00e9 de r\u00e9gler des coupes r\u00e9p\u00e9t\u00e9es \u00e0 la m\u00eame profondeur ; Le syst\u00e8me ONE-KEY\u2122 Tracking &amp; Security offre gratuitement un service de suivi et de gestion d\u2019inventaire bas\u00e9 sur le cloud, avec \u00e9galement des fonctionnalit\u00e9s de verrouillage \u00e0 distance ; Supports lat\u00e9raux pour garantir la stabilit\u00e9 et la pr\u00e9cision de la coupe ; Plaque en acier avec indication des degr\u00e9s d\u2019inclinaison ; \u00c9clairage LED int\u00e9gr\u00e9 pour \u00e9clairer la zone de travail ; Fonctionne avec toutes les batteries M18\u2122 MILWAUKEE\u00ae ; Poign\u00e9e de transport int\u00e9gr\u00e9e<\/p>\n<p>4933499181<br \/>\n4058546563455<\/p>\n","protected":false},"excerpt":{"rendered":"<p>M18 FMS305-121 \/ TRON\u00c7ONNEUSES RADIALES<\/p>\n","protected":false},"featured_media":441451,"template":"","meta":{"_seopress_robots_primary_cat":"","_seopress_titles_title":"","_seopress_titles_desc":"","_seopress_robots_index":""},"product_brand":[3407],"product_cat":[29,495,496],"product_tag":[3270],"class_list":{"0":"post-609603","1":"product","2":"type-product","3":"status-publish","4":"has-post-thumbnail","6":"product_brand-milwaukee","7":"product_cat-macchinari","8":"product_cat-troncatrici-e-mototroncatrici","9":"product_cat-troncatrici","10":"product_tag-import-milwau","11":"sws-conto-ricavi-merci-rivendita-macchinari-fr","12":"sws-gruppo-iva-iva81-fr","14":"first","15":"onbackorder","16":"sale","17":"shipping-taxable","18":"purchasable","19":"product-type-simple"},"_links":{"self":[{"href":"https:\/\/lucacastelli.com\/fr\/wp-json\/wp\/v2\/product\/609603","targetHints":{"allow":["GET"]}}],"collection":[{"href":"https:\/\/lucacastelli.com\/fr\/wp-json\/wp\/v2\/product"}],"about":[{"href":"https:\/\/lucacastelli.com\/fr\/wp-json\/wp\/v2\/types\/product"}],"wp:featuredmedia":[{"embeddable":true,"href":"https:\/\/lucacastelli.com\/fr\/wp-json\/wp\/v2\/media\/441451"}],"wp:attachment":[{"href":"https:\/\/lucacastelli.com\/fr\/wp-json\/wp\/v2\/media?parent=609603"}],"wp:term":[{"taxonomy":"product_brand","embeddable":true,"href":"https:\/\/lucacastelli.com\/fr\/wp-json\/wp\/v2\/product_brand?post=609603"},{"taxonomy":"product_cat","embeddable":true,"href":"https:\/\/lucacastelli.com\/fr\/wp-json\/wp\/v2\/product_cat?post=609603"},{"taxonomy":"product_tag","embeddable":true,"href":"https:\/\/lucacastelli.com\/fr\/wp-json\/wp\/v2\/product_tag?post=609603"}],"curies":[{"name":"wp","href":"https:\/\/api.w.org\/{rel}","templated":true}]}}