{"id":609597,"date":"2025-08-07T06:27:47","date_gmt":"2025-08-07T04:27:47","guid":{"rendered":"https:\/\/lucacastelli.com\/prodotto\/tronconneuses-milwaukee-mx-fuel-350-mm\/"},"modified":"2026-04-16T02:33:50","modified_gmt":"2026-04-16T00:33:50","slug":"tronconneuses-milwaukee-mx-fuel-350-mm","status":"publish","type":"product","link":"https:\/\/lucacastelli.com\/fr\/produit\/tronconneuses-milwaukee-mx-fuel-350-mm\/","title":{"rendered":"D\u00e9coupeuse MILWAUKEE MX FUEL\u2122 350 mm"},"content":{"rendered":"<p>MXFCOS350-602 D\u00e9coupeuse MX FUEL\u2122<br \/>\nLa premi\u00e8re d\u00e9coupeuse \u00e0 batterie au monde avec disque de 350 mm capable de fournir la puissance n\u00e9cessaire pour couper le b\u00e9ton arm\u00e9 ; Coupes plus rapides : il suffit de maintenir le bouton de d\u00e9marrage enfonc\u00e9 pendant 3 secondes pour mettre l\u2019outil en marche, \u00e9liminant ainsi le besoin de m\u00e9langer l\u2019essence et l\u2019huile et d\u2019entretenir le moteur thermique ; Aucune \u00e9mission : peut \u00e9galement \u00eatre utilis\u00e9e dans des environnements clos peu ventil\u00e9s ; Performances \u00e9gales aux outils thermiques, vitesse de lame \u00e0 vide de 5370 tr\/min et profondeur de coupe jusqu\u2019\u00e0 125 mm ; Plus silencieuse que les mod\u00e8les \u00e0 essence, avec moins de vibrations et un corps \u00e9quilibr\u00e9 ; Carter de protection de la lame r\u00e9glable sans outil et syst\u00e8me d\u2019alimentation en eau int\u00e9gr\u00e9 pour les coupes \u00e0 l\u2019eau (compatible avec le pulv\u00e9risateur M18\u2122 SWITCH TANK\u2122) ; Chariot pour d\u00e9coupeuse disponible s\u00e9par\u00e9ment ; Le syst\u00e8me MX FUEL\u2122 permet d\u2019atteindre de nouveaux horizons sur batterie : performances des solutions \u00e0 essence, filaires ou pneumatiques, en \u00e9liminant les dangers li\u00e9s aux \u00e9missions, au bruit, aux vibrations, aux tr\u00e9buchements ainsi qu\u2019\u00e0 la maintenance complexe ; Le syst\u00e8me ONE-KEY\u2122 Tracking &amp; Security offre un service gratuit de suivi et de gestion d\u2019inventaire bas\u00e9 sur le cloud, avec \u00e9galement des fonctionnalit\u00e9s de verrouillage \u00e0 distance ; Fournie avec un disque diamant\u00e9 HUDD de 350 mm, un sac pour les batteries et le chargeur<\/p>\n<p>4933464881<br \/>\n4058546228262<\/p>\n","protected":false},"excerpt":{"rendered":"<p>MXFCOS350-602 D\u00e9coupeuse MX FUEL\u2122<\/p>\n","protected":false},"featured_media":573962,"template":"","meta":{"_seopress_robots_primary_cat":"","_seopress_titles_title":"","_seopress_titles_desc":"","_seopress_robots_index":""},"product_brand":[3407],"product_cat":[29,495,496],"product_tag":[3270],"class_list":{"0":"post-609597","1":"product","2":"type-product","3":"status-publish","4":"has-post-thumbnail","6":"product_brand-milwaukee","7":"product_cat-macchinari","8":"product_cat-troncatrici-e-mototroncatrici","9":"product_cat-troncatrici","10":"product_tag-import-milwau","11":"sws-conto-ricavi-merci-rivendita-macchinari-fr","12":"sws-gruppo-iva-iva81-fr","14":"first","15":"onbackorder","16":"sale","17":"shipping-taxable","18":"purchasable","19":"product-type-simple"},"_links":{"self":[{"href":"https:\/\/lucacastelli.com\/fr\/wp-json\/wp\/v2\/product\/609597","targetHints":{"allow":["GET"]}}],"collection":[{"href":"https:\/\/lucacastelli.com\/fr\/wp-json\/wp\/v2\/product"}],"about":[{"href":"https:\/\/lucacastelli.com\/fr\/wp-json\/wp\/v2\/types\/product"}],"wp:featuredmedia":[{"embeddable":true,"href":"https:\/\/lucacastelli.com\/fr\/wp-json\/wp\/v2\/media\/573962"}],"wp:attachment":[{"href":"https:\/\/lucacastelli.com\/fr\/wp-json\/wp\/v2\/media?parent=609597"}],"wp:term":[{"taxonomy":"product_brand","embeddable":true,"href":"https:\/\/lucacastelli.com\/fr\/wp-json\/wp\/v2\/product_brand?post=609597"},{"taxonomy":"product_cat","embeddable":true,"href":"https:\/\/lucacastelli.com\/fr\/wp-json\/wp\/v2\/product_cat?post=609597"},{"taxonomy":"product_tag","embeddable":true,"href":"https:\/\/lucacastelli.com\/fr\/wp-json\/wp\/v2\/product_tag?post=609597"}],"curies":[{"name":"wp","href":"https:\/\/api.w.org\/{rel}","templated":true}]}}