{"id":609594,"date":"2025-08-08T17:41:28","date_gmt":"2025-08-08T15:41:28","guid":{"rendered":"https:\/\/lucacastelli.com\/prodotto\/milwaukee-2300-w-tronconneuses-rapides-pour-metaux\/"},"modified":"2025-08-08T17:41:28","modified_gmt":"2025-08-08T15:41:28","slug":"milwaukee-2300-w-tronconneuses-rapides-pour-metaux","status":"publish","type":"product","link":"https:\/\/lucacastelli.com\/fr\/produit\/milwaukee-2300-w-tronconneuses-rapides-pour-metaux\/","title":{"rendered":"Milwaukee 2300 W Tron\u00e7onneuses rapides pour m\u00e9taux"},"content":{"rendered":"<p>CHS 355\/TRONCATRI\u00c8RES POUR M\u00c9TAL<br \/>\nPuissant moteur de 2300 W et 3800 tr\/min pour des performances \u00e9lev\u00e9es;Verrouillage du bras pour un transport s\u00fbr et pratique;Angle de coupe de -45\u00b0 \u00e0 +45\u00b0 avec d\u00e9verrouillage facile de la pince;D\u00e9verrouillage rapide de la pince pour un changement rapide de la pi\u00e8ce \u00e0 travailler ;Verrouillage de l&#8217;arbre pour un changement rapide du disque;Remplacement rapide de la brosse gr\u00e2ce \u00e0 un acc\u00e8s sp\u00e9cial;Ventilateur en m\u00e9tal pour une dur\u00e9e de vie plus longue;Socle en acier robuste avec renforcement sp\u00e9cial contre la d\u00e9formation<\/p>\n<p>4933411760<br \/>\n4002395236220<\/p>\n","protected":false},"excerpt":{"rendered":"<p>CHS 355\/TRON\u00c7ONNEUSES<\/p>\n","protected":false},"featured_media":568965,"template":"","meta":{"_seopress_robots_primary_cat":"","_seopress_titles_title":"","_seopress_titles_desc":"","_seopress_robots_index":""},"product_brand":[3407],"product_cat":[29,495,496],"product_tag":[3270],"class_list":{"0":"post-609594","1":"product","2":"type-product","3":"status-publish","4":"has-post-thumbnail","6":"product_brand-milwaukee","7":"product_cat-macchinari","8":"product_cat-troncatrici-e-mototroncatrici","9":"product_cat-troncatrici","10":"product_tag-import-milwau","11":"sws-conto-ricavi-merci-rivendita-macchinari-fr","12":"sws-gruppo-iva-iva81-fr","14":"first","15":"onbackorder","16":"sale","17":"shipping-taxable","18":"purchasable","19":"product-type-simple"},"_links":{"self":[{"href":"https:\/\/lucacastelli.com\/fr\/wp-json\/wp\/v2\/product\/609594","targetHints":{"allow":["GET"]}}],"collection":[{"href":"https:\/\/lucacastelli.com\/fr\/wp-json\/wp\/v2\/product"}],"about":[{"href":"https:\/\/lucacastelli.com\/fr\/wp-json\/wp\/v2\/types\/product"}],"wp:featuredmedia":[{"embeddable":true,"href":"https:\/\/lucacastelli.com\/fr\/wp-json\/wp\/v2\/media\/568965"}],"wp:attachment":[{"href":"https:\/\/lucacastelli.com\/fr\/wp-json\/wp\/v2\/media?parent=609594"}],"wp:term":[{"taxonomy":"product_brand","embeddable":true,"href":"https:\/\/lucacastelli.com\/fr\/wp-json\/wp\/v2\/product_brand?post=609594"},{"taxonomy":"product_cat","embeddable":true,"href":"https:\/\/lucacastelli.com\/fr\/wp-json\/wp\/v2\/product_cat?post=609594"},{"taxonomy":"product_tag","embeddable":true,"href":"https:\/\/lucacastelli.com\/fr\/wp-json\/wp\/v2\/product_tag?post=609594"}],"curies":[{"name":"wp","href":"https:\/\/api.w.org\/{rel}","templated":true}]}}