{"id":609589,"date":"2025-07-18T08:55:15","date_gmt":"2025-07-18T06:55:15","guid":{"rendered":"https:\/\/lucacastelli.com\/prodotto\/milwaukee-disque-a-decouper-diamante-duh-230-mm-adapte-a-la-tronconneuse-m18-fuel\/"},"modified":"2025-07-18T08:55:15","modified_gmt":"2025-07-18T06:55:15","slug":"milwaukee-disque-a-decouper-diamante-duh-230-mm-adapte-a-la-tronconneuse-m18-fuel","status":"publish","type":"product","link":"https:\/\/lucacastelli.com\/fr\/produit\/milwaukee-disque-a-decouper-diamante-duh-230-mm-adapte-a-la-tronconneuse-m18-fuel\/","title":{"rendered":"Milwaukee Disque \u00e0 d\u00e9couper diamant\u00e9 DUH 230 mm, adapt\u00e9 \u00e0 la tron\u00e7onneuse M18 FUEL."},"content":{"rendered":"<p>Lame diamant\u00e9e de qualit\u00e9 sup\u00e9rieure offrant d&#8217;excellentes performances dans les applications sur des mat\u00e9riaux particuli\u00e8rement durs. Applications : id\u00e9al pour les mat\u00e9riaux durs, m\u00eame le b\u00e9ton arm\u00e9. <\/p>\n","protected":false},"excerpt":{"rendered":"<p>Lame diamant\u00e9e de qualit\u00e9 sup\u00e9rieure offrant d&#8217;excellentes performances dans les applications sur des mat\u00e9riaux particuli\u00e8rement durs. Applications : id\u00e9al pour<\/p>\n","protected":false},"featured_media":495432,"template":"","meta":{"_seopress_robots_primary_cat":"","_seopress_titles_title":"","_seopress_titles_desc":"","_seopress_robots_index":""},"product_brand":[3407],"product_cat":[29,555],"product_tag":[3270],"class_list":{"0":"post-609589","1":"product","2":"type-product","3":"status-publish","4":"has-post-thumbnail","6":"product_brand-milwaukee","7":"product_cat-macchinari","8":"product_cat-smerigliatrici","9":"product_tag-import-milwau","10":"sws-gruppo-macchinari-fr","11":"sws-conto-ricavi-merci-rivendita-macchinari-fr","12":"sws-gruppo-iva-iva81-fr","14":"first","15":"onbackorder","16":"sale","17":"shipping-taxable","18":"purchasable","19":"product-type-simple"},"_links":{"self":[{"href":"https:\/\/lucacastelli.com\/fr\/wp-json\/wp\/v2\/product\/609589","targetHints":{"allow":["GET"]}}],"collection":[{"href":"https:\/\/lucacastelli.com\/fr\/wp-json\/wp\/v2\/product"}],"about":[{"href":"https:\/\/lucacastelli.com\/fr\/wp-json\/wp\/v2\/types\/product"}],"wp:featuredmedia":[{"embeddable":true,"href":"https:\/\/lucacastelli.com\/fr\/wp-json\/wp\/v2\/media\/495432"}],"wp:attachment":[{"href":"https:\/\/lucacastelli.com\/fr\/wp-json\/wp\/v2\/media?parent=609589"}],"wp:term":[{"taxonomy":"product_brand","embeddable":true,"href":"https:\/\/lucacastelli.com\/fr\/wp-json\/wp\/v2\/product_brand?post=609589"},{"taxonomy":"product_cat","embeddable":true,"href":"https:\/\/lucacastelli.com\/fr\/wp-json\/wp\/v2\/product_cat?post=609589"},{"taxonomy":"product_tag","embeddable":true,"href":"https:\/\/lucacastelli.com\/fr\/wp-json\/wp\/v2\/product_tag?post=609589"}],"curies":[{"name":"wp","href":"https:\/\/api.w.org\/{rel}","templated":true}]}}