{"id":609576,"date":"2025-08-10T18:24:10","date_gmt":"2025-08-10T16:24:10","guid":{"rendered":"https:\/\/lucacastelli.com\/prodotto\/milwaukee-tournevis-polyvalent-9-en-1\/"},"modified":"2025-08-10T18:24:10","modified_gmt":"2025-08-10T16:24:10","slug":"milwaukee-tournevis-polyvalent-9-en-1","status":"publish","type":"product","link":"https:\/\/lucacastelli.com\/fr\/produit\/milwaukee-tournevis-polyvalent-9-en-1\/","title":{"rendered":"Milwaukee Tournevis polyvalent 9 en 1"},"content":{"rendered":"<p>MULT.V1 SWIVEL &#8211; PH\/PZ<br \/>\nErgonomique, 152 mm de long avec douille hexagonale avec trou pour cr\u00e9er des fentes;Cliquet \u00e0 couple \u00e9lev\u00e9;Longueur de l&#8217;embout 88 mm;T\u00eate de l&#8217;embout tremp\u00e9e pour une pr\u00e9cision et une durabilit\u00e9 maximales;Poign\u00e9e de magasin pour ranger les embouts non utilis\u00e9s;Chrom\u00e9 pour un haut degr\u00e9 de protection<\/p>\n<p>4932471598<br \/>\n4058546294977<\/p>\n","protected":false},"excerpt":{"rendered":"<p>MULT.V1 TOURNEVIS &#8211; PH\/PZ<\/p>\n","protected":false},"featured_media":537109,"template":"","meta":{"_seopress_robots_primary_cat":"","_seopress_titles_title":"","_seopress_titles_desc":"","_seopress_robots_index":""},"product_brand":[3407],"product_cat":[5416,33],"product_tag":[3270],"class_list":{"0":"post-609576","1":"product","2":"type-product","3":"status-publish","4":"has-post-thumbnail","6":"product_brand-milwaukee","7":"product_cat-utensili-per-officina","8":"product_cat-attrezzature","9":"product_tag-import-milwau","10":"sws-conto-ricavi-merci-rivendita-macchinari-fr","11":"sws-gruppo-iva-iva81-fr","13":"first","14":"onbackorder","15":"sale","16":"shipping-taxable","17":"purchasable","18":"product-type-simple"},"_links":{"self":[{"href":"https:\/\/lucacastelli.com\/fr\/wp-json\/wp\/v2\/product\/609576","targetHints":{"allow":["GET"]}}],"collection":[{"href":"https:\/\/lucacastelli.com\/fr\/wp-json\/wp\/v2\/product"}],"about":[{"href":"https:\/\/lucacastelli.com\/fr\/wp-json\/wp\/v2\/types\/product"}],"wp:featuredmedia":[{"embeddable":true,"href":"https:\/\/lucacastelli.com\/fr\/wp-json\/wp\/v2\/media\/537109"}],"wp:attachment":[{"href":"https:\/\/lucacastelli.com\/fr\/wp-json\/wp\/v2\/media?parent=609576"}],"wp:term":[{"taxonomy":"product_brand","embeddable":true,"href":"https:\/\/lucacastelli.com\/fr\/wp-json\/wp\/v2\/product_brand?post=609576"},{"taxonomy":"product_cat","embeddable":true,"href":"https:\/\/lucacastelli.com\/fr\/wp-json\/wp\/v2\/product_cat?post=609576"},{"taxonomy":"product_tag","embeddable":true,"href":"https:\/\/lucacastelli.com\/fr\/wp-json\/wp\/v2\/product_tag?post=609576"}],"curies":[{"name":"wp","href":"https:\/\/api.w.org\/{rel}","templated":true}]}}