{"id":609553,"date":"2025-08-10T17:46:10","date_gmt":"2025-08-10T15:46:10","guid":{"rendered":"https:\/\/lucacastelli.com\/prodotto\/lames-de-scie-circulaire-pour-outils-a-main-milwaukee-21\/"},"modified":"2025-08-14T12:55:45","modified_gmt":"2025-08-14T10:55:45","slug":"lames-de-scie-circulaire-pour-outils-a-main-milwaukee-21","status":"publish","type":"product","link":"https:\/\/lucacastelli.com\/fr\/produit\/lames-de-scie-circulaire-pour-outils-a-main-milwaukee-21\/","title":{"rendered":"Lames pour scie circulaire pour outils \u00e0 main Milwaukee"},"content":{"rendered":"<p>CIRC. 184\/15,87\/5\/8 Z24 -1pcs<br \/>\nRev\u00eatement PTFE : coupe \u00e0 froid, antiadh\u00e9sif pour des coupes plus rapides. Prot\u00e8ge contre la corrosion et l&#8217;accumulation de r\u00e9sine;Fentes d&#8217;exapnsion : faibles vibrations et plus grande pr\u00e9cision. Les fentes sont remplies de polyur\u00e9thane et agissent comme des amortisseurs, isolant les dents des vibrations ;Acier de haute qualit\u00e9 d\u00e9coup\u00e9 au laser : pr\u00e9cision garantie ;Dents en carbure de tungst\u00e8ne au cobalt : coupes nettes et pr\u00e9cises.   <\/p>\n<p>4932471378<br \/>\n4058546290061<\/p>\n","protected":false},"excerpt":{"rendered":"<p>LAMES CIRC. 184\/15.87\/5\/8 Z24 -1pc <\/p>\n","protected":false},"featured_media":536501,"template":"","meta":{"_seopress_robots_primary_cat":"","_seopress_titles_title":"","_seopress_titles_desc":"","_seopress_robots_index":""},"product_brand":[3407],"product_cat":[29,558,535],"product_tag":[3270],"class_list":{"0":"post-609553","1":"product","2":"type-product","3":"status-publish","4":"has-post-thumbnail","6":"product_brand-milwaukee","7":"product_cat-macchinari","8":"product_cat-seghe-accessori-vari","9":"product_cat-spaccalegna-e-circolari","10":"product_tag-import-milwau","11":"sws-conto-ricavi-merci-rivendita-macchinari-fr","12":"sws-gruppo-iva-iva81-fr","14":"first","15":"onbackorder","16":"sale","17":"shipping-taxable","18":"purchasable","19":"product-type-simple"},"_links":{"self":[{"href":"https:\/\/lucacastelli.com\/fr\/wp-json\/wp\/v2\/product\/609553","targetHints":{"allow":["GET"]}}],"collection":[{"href":"https:\/\/lucacastelli.com\/fr\/wp-json\/wp\/v2\/product"}],"about":[{"href":"https:\/\/lucacastelli.com\/fr\/wp-json\/wp\/v2\/types\/product"}],"wp:featuredmedia":[{"embeddable":true,"href":"https:\/\/lucacastelli.com\/fr\/wp-json\/wp\/v2\/media\/536501"}],"wp:attachment":[{"href":"https:\/\/lucacastelli.com\/fr\/wp-json\/wp\/v2\/media?parent=609553"}],"wp:term":[{"taxonomy":"product_brand","embeddable":true,"href":"https:\/\/lucacastelli.com\/fr\/wp-json\/wp\/v2\/product_brand?post=609553"},{"taxonomy":"product_cat","embeddable":true,"href":"https:\/\/lucacastelli.com\/fr\/wp-json\/wp\/v2\/product_cat?post=609553"},{"taxonomy":"product_tag","embeddable":true,"href":"https:\/\/lucacastelli.com\/fr\/wp-json\/wp\/v2\/product_tag?post=609553"}],"curies":[{"name":"wp","href":"https:\/\/api.w.org\/{rel}","templated":true}]}}