{"id":609491,"date":"2025-08-10T18:04:49","date_gmt":"2025-08-10T16:04:49","guid":{"rendered":"https:\/\/lucacastelli.com\/prodotto\/milwaukee-separateurs-pour-boites-a-outils-2\/"},"modified":"2025-08-10T18:04:49","modified_gmt":"2025-08-10T16:04:49","slug":"milwaukee-separateurs-pour-boites-a-outils-2","status":"publish","type":"product","link":"https:\/\/lucacastelli.com\/fr\/produit\/milwaukee-separateurs-pour-boites-a-outils-2\/","title":{"rendered":"Milwaukee S\u00e9parateurs pour bo\u00eetes \u00e0 outils"},"content":{"rendered":"<p>PACKOUT DE DIVIDERS Bo\u00eete \u00e0 outils 2 tiroirs<br \/>\nDiviseurs pour mieux organiser l&#8217;int\u00e9rieur des tiroirs<\/p>\n<p>4932479105<br \/>\n4058546368999<\/p>\n","protected":false},"excerpt":{"rendered":"<p>DIVISEURS PACKOUT BO\u00ceTE \u00c0 OUTILS \u00c0 2 TIROIRS<\/p>\n","protected":false},"featured_media":543229,"template":"","meta":{"_seopress_robots_primary_cat":"","_seopress_titles_title":"","_seopress_titles_desc":"","_seopress_robots_index":""},"product_brand":[3407],"product_cat":[5416,33],"product_tag":[3270],"class_list":{"0":"post-609491","1":"product","2":"type-product","3":"status-publish","4":"has-post-thumbnail","6":"product_brand-milwaukee","7":"product_cat-utensili-per-officina","8":"product_cat-attrezzature","9":"product_tag-import-milwau","10":"sws-conto-ricavi-merci-rivendita-macchinari-fr","11":"sws-gruppo-iva-iva81-fr","13":"first","14":"onbackorder","15":"sale","16":"shipping-taxable","17":"purchasable","18":"product-type-simple"},"_links":{"self":[{"href":"https:\/\/lucacastelli.com\/fr\/wp-json\/wp\/v2\/product\/609491","targetHints":{"allow":["GET"]}}],"collection":[{"href":"https:\/\/lucacastelli.com\/fr\/wp-json\/wp\/v2\/product"}],"about":[{"href":"https:\/\/lucacastelli.com\/fr\/wp-json\/wp\/v2\/types\/product"}],"wp:featuredmedia":[{"embeddable":true,"href":"https:\/\/lucacastelli.com\/fr\/wp-json\/wp\/v2\/media\/543229"}],"wp:attachment":[{"href":"https:\/\/lucacastelli.com\/fr\/wp-json\/wp\/v2\/media?parent=609491"}],"wp:term":[{"taxonomy":"product_brand","embeddable":true,"href":"https:\/\/lucacastelli.com\/fr\/wp-json\/wp\/v2\/product_brand?post=609491"},{"taxonomy":"product_cat","embeddable":true,"href":"https:\/\/lucacastelli.com\/fr\/wp-json\/wp\/v2\/product_cat?post=609491"},{"taxonomy":"product_tag","embeddable":true,"href":"https:\/\/lucacastelli.com\/fr\/wp-json\/wp\/v2\/product_tag?post=609491"}],"curies":[{"name":"wp","href":"https:\/\/api.w.org\/{rel}","templated":true}]}}