{"id":609443,"date":"2025-08-10T18:24:11","date_gmt":"2025-08-10T16:24:11","guid":{"rendered":"https:\/\/lucacastelli.com\/prodotto\/milwaukee-tournevis-compact-8-en-1-multi-usages\/"},"modified":"2025-08-10T18:24:11","modified_gmt":"2025-08-10T16:24:11","slug":"milwaukee-tournevis-compact-8-en-1-multi-usages","status":"publish","type":"product","link":"https:\/\/lucacastelli.com\/fr\/produit\/milwaukee-tournevis-compact-8-en-1-multi-usages\/","title":{"rendered":"Milwaukee Tournevis compact 8 en 1 multi-usages"},"content":{"rendered":"<p>VIS COURTE MULTI-FONCTION 8 EN 1 -1pcs<br \/>\nAvec cliquet pour un maximum de vitesse et de contr\u00f4le;Inserts tremp\u00e9s et aff\u00fbt\u00e9s avec pr\u00e9cision pour un assemblage s\u00fbr et une longue dur\u00e9e de vie;Rangement des embouts de tournevis sur le manche;Chromage pour une protection maximale contre la rouille<\/p>\n<p>4932471868<br \/>\n4058546297671<\/p>\n","protected":false},"excerpt":{"rendered":"<p>VIS COURTE MULTI-FONCTION 8 EN 1 -1pcs<\/p>\n","protected":false},"featured_media":538089,"template":"","meta":{"_seopress_robots_primary_cat":"","_seopress_titles_title":"","_seopress_titles_desc":"","_seopress_robots_index":""},"product_brand":[3407],"product_cat":[5416,33],"product_tag":[3270],"class_list":{"0":"post-609443","1":"product","2":"type-product","3":"status-publish","4":"has-post-thumbnail","6":"product_brand-milwaukee","7":"product_cat-utensili-per-officina","8":"product_cat-attrezzature","9":"product_tag-import-milwau","10":"sws-conto-ricavi-merci-rivendita-macchinari-fr","11":"sws-gruppo-iva-iva81-fr","13":"first","14":"onbackorder","15":"sale","16":"shipping-taxable","17":"purchasable","18":"product-type-simple"},"_links":{"self":[{"href":"https:\/\/lucacastelli.com\/fr\/wp-json\/wp\/v2\/product\/609443","targetHints":{"allow":["GET"]}}],"collection":[{"href":"https:\/\/lucacastelli.com\/fr\/wp-json\/wp\/v2\/product"}],"about":[{"href":"https:\/\/lucacastelli.com\/fr\/wp-json\/wp\/v2\/types\/product"}],"wp:featuredmedia":[{"embeddable":true,"href":"https:\/\/lucacastelli.com\/fr\/wp-json\/wp\/v2\/media\/538089"}],"wp:attachment":[{"href":"https:\/\/lucacastelli.com\/fr\/wp-json\/wp\/v2\/media?parent=609443"}],"wp:term":[{"taxonomy":"product_brand","embeddable":true,"href":"https:\/\/lucacastelli.com\/fr\/wp-json\/wp\/v2\/product_brand?post=609443"},{"taxonomy":"product_cat","embeddable":true,"href":"https:\/\/lucacastelli.com\/fr\/wp-json\/wp\/v2\/product_cat?post=609443"},{"taxonomy":"product_tag","embeddable":true,"href":"https:\/\/lucacastelli.com\/fr\/wp-json\/wp\/v2\/product_tag?post=609443"}],"curies":[{"name":"wp","href":"https:\/\/api.w.org\/{rel}","templated":true}]}}