{"id":609421,"date":"2025-08-09T11:19:46","date_gmt":"2025-08-09T09:19:46","guid":{"rendered":"https:\/\/lucacastelli.com\/prodotto\/milwaukee-scie-circulaire-avec-lame-de-184-mm\/"},"modified":"2025-08-09T11:19:46","modified_gmt":"2025-08-09T09:19:46","slug":"milwaukee-scie-circulaire-avec-lame-de-184-mm","status":"publish","type":"product","link":"https:\/\/lucacastelli.com\/fr\/produit\/milwaukee-scie-circulaire-avec-lame-de-184-mm\/","title":{"rendered":"Milwaukee Scie circulaire avec lame de 184 mm"},"content":{"rendered":"<p>CS 60\/Scies circulaires<br \/>\nPuissant moteur de 1600 W avec 5800 tours\/minute pour des coupes rapides et pr\u00e9cises;Capacit\u00e9 de coupe 61 mm;Capacit\u00e9 de biseautage 0-56\u00b0 et arr\u00eat 45\u00b0;Levier de d\u00e9verrouillage pratique pour un r\u00e9glage rapide de l&#8217;angle de la lame;Aspiration int\u00e9gr\u00e9e pour une ligne de coupe plus nette;Poign\u00e9e large et ergonomique pour une meilleure prise en main et un meilleur contr\u00f4le;Guide lat\u00e9ral pour des coupes pr\u00e9cises et nettes<\/p>\n<p>4933419225<br \/>\n4002395238361<\/p>\n","protected":false},"excerpt":{"rendered":"<p>CS 60\/SCIES CIRCULAIRES<\/p>\n","protected":false},"featured_media":569194,"template":"","meta":{"_seopress_robots_primary_cat":"","_seopress_titles_title":"","_seopress_titles_desc":"","_seopress_robots_index":""},"product_brand":[3658],"product_cat":[167,1453,1534],"product_tag":[3273],"class_list":{"0":"post-609421","1":"product","2":"type-product","3":"status-publish","4":"has-post-thumbnail","6":"product_brand-milwaukee-fr","7":"product_cat-machines","8":"product_cat-autres-appareils","9":"product_cat-scies","10":"product_tag-import-milwau-fr","11":"sws-conto-ricavi-merci-rivendita-macchinari-fr","12":"sws-gruppo-iva-iva81-fr","14":"first","15":"onbackorder","16":"sale","17":"shipping-taxable","18":"purchasable","19":"product-type-simple"},"_links":{"self":[{"href":"https:\/\/lucacastelli.com\/fr\/wp-json\/wp\/v2\/product\/609421","targetHints":{"allow":["GET"]}}],"collection":[{"href":"https:\/\/lucacastelli.com\/fr\/wp-json\/wp\/v2\/product"}],"about":[{"href":"https:\/\/lucacastelli.com\/fr\/wp-json\/wp\/v2\/types\/product"}],"wp:featuredmedia":[{"embeddable":true,"href":"https:\/\/lucacastelli.com\/fr\/wp-json\/wp\/v2\/media\/569194"}],"wp:attachment":[{"href":"https:\/\/lucacastelli.com\/fr\/wp-json\/wp\/v2\/media?parent=609421"}],"wp:term":[{"taxonomy":"product_brand","embeddable":true,"href":"https:\/\/lucacastelli.com\/fr\/wp-json\/wp\/v2\/product_brand?post=609421"},{"taxonomy":"product_cat","embeddable":true,"href":"https:\/\/lucacastelli.com\/fr\/wp-json\/wp\/v2\/product_cat?post=609421"},{"taxonomy":"product_tag","embeddable":true,"href":"https:\/\/lucacastelli.com\/fr\/wp-json\/wp\/v2\/product_tag?post=609421"}],"curies":[{"name":"wp","href":"https:\/\/api.w.org\/{rel}","templated":true}]}}