{"id":609418,"date":"2025-08-07T20:29:49","date_gmt":"2025-08-07T18:29:49","guid":{"rendered":"https:\/\/lucacastelli.com\/prodotto\/milwaukee-couteau-de-sport-extra-fort-a-lame-fixe\/"},"modified":"2025-08-07T20:29:49","modified_gmt":"2025-08-07T18:29:49","slug":"milwaukee-couteau-de-sport-extra-fort-a-lame-fixe","status":"publish","type":"product","link":"https:\/\/lucacastelli.com\/fr\/produit\/milwaukee-couteau-de-sport-extra-fort-a-lame-fixe\/","title":{"rendered":"Milwaukee Couteau de sport extra-fort \u00e0 lame fixe"},"content":{"rendered":"<p>COUTEAU \u00c0 LAME FIXE HARDLINE 1 pc<br \/>\nLa lame en acier de 127 cm (5&#8221;) (acier AUS-8) permet \u00e0 la lame de garder son tranchant plus longtemps, ce qui r\u00e9duit le besoin de l&#8217;utilisateur de la r\u00e9aff\u00fbter;La construction enti\u00e8rement m\u00e9tallique offre une r\u00e9sistance maximale dans les applications les plus difficiles;Poign\u00e9e caoutchout\u00e9e pour une prise en main s\u00fbre et une pr\u00e9paration de la lani\u00e8re;\u00c9tui robuste pour un transport facile et un acc\u00e8s rapide<\/p>\n<p>4932464830<br \/>\n4058546227753<\/p>\n","protected":false},"excerpt":{"rendered":"<p>COUTEAU AVEC LAME FIXE HARDLINE 1 pc<\/p>\n","protected":false},"featured_media":535387,"template":"","meta":{"_seopress_robots_primary_cat":"","_seopress_titles_title":"","_seopress_titles_desc":"","_seopress_robots_index":""},"product_brand":[3407],"product_cat":[5416,33],"product_tag":[3270],"class_list":{"0":"post-609418","1":"product","2":"type-product","3":"status-publish","4":"has-post-thumbnail","6":"product_brand-milwaukee","7":"product_cat-utensili-per-officina","8":"product_cat-attrezzature","9":"product_tag-import-milwau","10":"sws-conto-ricavi-merci-rivendita-macchinari-fr","11":"sws-gruppo-iva-iva81-fr","13":"first","14":"onbackorder","15":"sale","16":"shipping-taxable","17":"purchasable","18":"product-type-simple"},"_links":{"self":[{"href":"https:\/\/lucacastelli.com\/fr\/wp-json\/wp\/v2\/product\/609418","targetHints":{"allow":["GET"]}}],"collection":[{"href":"https:\/\/lucacastelli.com\/fr\/wp-json\/wp\/v2\/product"}],"about":[{"href":"https:\/\/lucacastelli.com\/fr\/wp-json\/wp\/v2\/types\/product"}],"wp:featuredmedia":[{"embeddable":true,"href":"https:\/\/lucacastelli.com\/fr\/wp-json\/wp\/v2\/media\/535387"}],"wp:attachment":[{"href":"https:\/\/lucacastelli.com\/fr\/wp-json\/wp\/v2\/media?parent=609418"}],"wp:term":[{"taxonomy":"product_brand","embeddable":true,"href":"https:\/\/lucacastelli.com\/fr\/wp-json\/wp\/v2\/product_brand?post=609418"},{"taxonomy":"product_cat","embeddable":true,"href":"https:\/\/lucacastelli.com\/fr\/wp-json\/wp\/v2\/product_cat?post=609418"},{"taxonomy":"product_tag","embeddable":true,"href":"https:\/\/lucacastelli.com\/fr\/wp-json\/wp\/v2\/product_tag?post=609418"}],"curies":[{"name":"wp","href":"https:\/\/api.w.org\/{rel}","templated":true}]}}