{"id":609417,"date":"2025-08-08T17:50:15","date_gmt":"2025-08-08T15:50:15","guid":{"rendered":"https:\/\/lucacastelli.com\/prodotto\/milwaukee-m18-fuel-taille-haie-45-cm-lame-double-face\/"},"modified":"2025-08-08T17:50:15","modified_gmt":"2025-08-08T15:50:15","slug":"milwaukee-m18-fuel-taille-haie-45-cm-lame-double-face","status":"publish","type":"product","link":"https:\/\/lucacastelli.com\/fr\/produit\/milwaukee-m18-fuel-taille-haie-45-cm-lame-double-face\/","title":{"rendered":"Milwaukee M18 FUEL taille-haie 45 cm lame double face."},"content":{"rendered":"<p>M18 FHET45-802 \/HIGH OUTPUT\u2122 Battery<br \/>\nLame \u00e0 double face pour des coupes nettes et l&#8217;\u00e9limination de la v\u00e9g\u00e9tation \u00e9paisse;Longueur de lame de 450 mm, capable de couper des branches jusqu&#8217;\u00e0 19 mm de diam\u00e8tre;Maintient la puissance sous charge, sans ralentir;Jusqu&#8217;\u00e0 2 heures d&#8217;autonomie avec une batterie de 8.0 Ah;Bo\u00eete de vitesses enti\u00e8rement m\u00e9tallique;Protection de l&#8217;extr\u00e9mit\u00e9 de la lame, pour une s\u00e9curit\u00e9 maximale et pour \u00e9viter d&#8217;endommager des objets;Conception ergonomique \u00e9quilibr\u00e9e, pour un contr\u00f4le maximal;Fonctionne avec toutes les batteries M18 Milwaukee\u00ae<\/p>\n<p>4933493294<br \/>\n4058546481650.<\/p>\n","protected":false},"excerpt":{"rendered":"<p>M18 FHET45-802 \/ TAILLE-HAIE<\/p>\n","protected":false},"featured_media":585316,"template":"","meta":{"_seopress_robots_primary_cat":"","_seopress_titles_title":"","_seopress_titles_desc":"","_seopress_robots_index":""},"product_brand":[3407],"product_cat":[29,282,267],"product_tag":[3270],"class_list":{"0":"post-609417","1":"product","2":"type-product","3":"status-publish","4":"has-post-thumbnail","6":"product_brand-milwaukee","7":"product_cat-macchinari","8":"product_cat-tosasiepi-e-potatori-a-batteria","9":"product_cat-tosasiepi-e-potatori","10":"product_tag-import-milwau","11":"sws-conto-ricavi-merci-rivendita-macchinari-fr","12":"sws-gruppo-iva-iva81-fr","14":"first","15":"onbackorder","16":"sale","17":"shipping-taxable","18":"purchasable","19":"product-type-simple"},"_links":{"self":[{"href":"https:\/\/lucacastelli.com\/fr\/wp-json\/wp\/v2\/product\/609417","targetHints":{"allow":["GET"]}}],"collection":[{"href":"https:\/\/lucacastelli.com\/fr\/wp-json\/wp\/v2\/product"}],"about":[{"href":"https:\/\/lucacastelli.com\/fr\/wp-json\/wp\/v2\/types\/product"}],"wp:featuredmedia":[{"embeddable":true,"href":"https:\/\/lucacastelli.com\/fr\/wp-json\/wp\/v2\/media\/585316"}],"wp:attachment":[{"href":"https:\/\/lucacastelli.com\/fr\/wp-json\/wp\/v2\/media?parent=609417"}],"wp:term":[{"taxonomy":"product_brand","embeddable":true,"href":"https:\/\/lucacastelli.com\/fr\/wp-json\/wp\/v2\/product_brand?post=609417"},{"taxonomy":"product_cat","embeddable":true,"href":"https:\/\/lucacastelli.com\/fr\/wp-json\/wp\/v2\/product_cat?post=609417"},{"taxonomy":"product_tag","embeddable":true,"href":"https:\/\/lucacastelli.com\/fr\/wp-json\/wp\/v2\/product_tag?post=609417"}],"curies":[{"name":"wp","href":"https:\/\/api.w.org\/{rel}","templated":true}]}}