{"id":609385,"date":"2025-08-07T20:29:46","date_gmt":"2025-08-07T18:29:46","guid":{"rendered":"https:\/\/lucacastelli.com\/prodotto\/milwaukee-couteau-de-sport-pliant-avec-lame-extra-forte\/"},"modified":"2025-08-07T20:29:46","modified_gmt":"2025-08-07T18:29:46","slug":"milwaukee-couteau-de-sport-pliant-avec-lame-extra-forte","status":"publish","type":"product","link":"https:\/\/lucacastelli.com\/fr\/produit\/milwaukee-couteau-de-sport-pliant-avec-lame-extra-forte\/","title":{"rendered":"Milwaukee Couteau de sport pliant avec lame extra-forte"},"content":{"rendered":"<p>COUTEAU &#8221;SPORT&#8221; de 64 mm AVEC LAME LISSE<br \/>\nLa lame D2 de premi\u00e8re qualit\u00e9 pr\u00e9vient la corrosion et reste aiguis\u00e9e plus longtemps;Lame lisse. Id\u00e9ale pour les applications intensives;Ouverture rapide avec syst\u00e8me de roulement : peut \u00eatre ouvert avec seulement deux mains;L&#8217;ouverture avec cadre en acier maintient la lame en position ouverte;Poign\u00e9e en nylon et acier inoxydable;Le pivot s\u00e9curise la lame en position ouverte;Trou pour dragonne;Clip de ceinture pour un acc\u00e8s rapide sans endommager les poches. <\/p>\n<p>4932492452<br \/>\n4058546418199<\/p>\n","protected":false},"excerpt":{"rendered":"<p>COUTEAU &#8220;SPORT&#8221; AVEC LAME LISSE 64 mm<\/p>\n","protected":false},"featured_media":556537,"template":"","meta":{"_seopress_robots_primary_cat":"","_seopress_titles_title":"","_seopress_titles_desc":"","_seopress_robots_index":""},"product_brand":[3407],"product_cat":[5416,33],"product_tag":[3270],"class_list":{"0":"post-609385","1":"product","2":"type-product","3":"status-publish","4":"has-post-thumbnail","6":"product_brand-milwaukee","7":"product_cat-utensili-per-officina","8":"product_cat-attrezzature","9":"product_tag-import-milwau","10":"sws-conto-ricavi-merci-rivendita-macchinari-fr","11":"sws-gruppo-iva-iva81-fr","13":"first","14":"onbackorder","15":"sale","16":"shipping-taxable","17":"purchasable","18":"product-type-simple"},"_links":{"self":[{"href":"https:\/\/lucacastelli.com\/fr\/wp-json\/wp\/v2\/product\/609385","targetHints":{"allow":["GET"]}}],"collection":[{"href":"https:\/\/lucacastelli.com\/fr\/wp-json\/wp\/v2\/product"}],"about":[{"href":"https:\/\/lucacastelli.com\/fr\/wp-json\/wp\/v2\/types\/product"}],"wp:featuredmedia":[{"embeddable":true,"href":"https:\/\/lucacastelli.com\/fr\/wp-json\/wp\/v2\/media\/556537"}],"wp:attachment":[{"href":"https:\/\/lucacastelli.com\/fr\/wp-json\/wp\/v2\/media?parent=609385"}],"wp:term":[{"taxonomy":"product_brand","embeddable":true,"href":"https:\/\/lucacastelli.com\/fr\/wp-json\/wp\/v2\/product_brand?post=609385"},{"taxonomy":"product_cat","embeddable":true,"href":"https:\/\/lucacastelli.com\/fr\/wp-json\/wp\/v2\/product_cat?post=609385"},{"taxonomy":"product_tag","embeddable":true,"href":"https:\/\/lucacastelli.com\/fr\/wp-json\/wp\/v2\/product_tag?post=609385"}],"curies":[{"name":"wp","href":"https:\/\/api.w.org\/{rel}","templated":true}]}}