{"id":609383,"date":"2025-08-07T20:29:44","date_gmt":"2025-08-07T18:29:44","guid":{"rendered":"https:\/\/lucacastelli.com\/prodotto\/couteau-a-lame-fixe-milwaukee-hawkbill\/"},"modified":"2025-08-07T20:29:44","modified_gmt":"2025-08-07T18:29:44","slug":"couteau-a-lame-fixe-milwaukee-hawkbill","status":"publish","type":"product","link":"https:\/\/lucacastelli.com\/fr\/produit\/couteau-a-lame-fixe-milwaukee-hawkbill\/","title":{"rendered":"Couteau \u00e0 lame fixe Milwaukee Hawkbill"},"content":{"rendered":"<p>COUTEAU AVEC LAME FIXE HAWKBILL 1 pc<br \/>\nLe couteau \u00e0 lame fixe est id\u00e9al pour d\u00e9nuder les fils et les c\u00e2bles;Lame en acier inoxydable optimis\u00e9e pour rester aiguis\u00e9e longtemps;Construction enti\u00e8rement m\u00e9tallique pour une r\u00e9sistance maximale dans les applications les plus difficiles;Poign\u00e9e large et ergonomique con\u00e7ue pour une utilisation confortable avec des gants;Porte-langue;\u00c9tui robuste pour un transport facile et un acc\u00e8s rapide<\/p>\n<p>4932464829<br \/>\n4058546227746<\/p>\n","protected":false},"excerpt":{"rendered":"<p>COUTEAU AVEC LAME FIXE HAWKBILL 1 pc<\/p>\n","protected":false},"featured_media":529882,"template":"","meta":{"_seopress_robots_primary_cat":"","_seopress_titles_title":"","_seopress_titles_desc":"","_seopress_robots_index":""},"product_brand":[3407],"product_cat":[5416,33],"product_tag":[3270],"class_list":{"0":"post-609383","1":"product","2":"type-product","3":"status-publish","4":"has-post-thumbnail","6":"product_brand-milwaukee","7":"product_cat-utensili-per-officina","8":"product_cat-attrezzature","9":"product_tag-import-milwau","10":"sws-conto-ricavi-merci-rivendita-macchinari-fr","11":"sws-gruppo-iva-iva81-fr","13":"first","14":"onbackorder","15":"sale","16":"shipping-taxable","17":"purchasable","18":"product-type-simple"},"_links":{"self":[{"href":"https:\/\/lucacastelli.com\/fr\/wp-json\/wp\/v2\/product\/609383","targetHints":{"allow":["GET"]}}],"collection":[{"href":"https:\/\/lucacastelli.com\/fr\/wp-json\/wp\/v2\/product"}],"about":[{"href":"https:\/\/lucacastelli.com\/fr\/wp-json\/wp\/v2\/types\/product"}],"wp:featuredmedia":[{"embeddable":true,"href":"https:\/\/lucacastelli.com\/fr\/wp-json\/wp\/v2\/media\/529882"}],"wp:attachment":[{"href":"https:\/\/lucacastelli.com\/fr\/wp-json\/wp\/v2\/media?parent=609383"}],"wp:term":[{"taxonomy":"product_brand","embeddable":true,"href":"https:\/\/lucacastelli.com\/fr\/wp-json\/wp\/v2\/product_brand?post=609383"},{"taxonomy":"product_cat","embeddable":true,"href":"https:\/\/lucacastelli.com\/fr\/wp-json\/wp\/v2\/product_cat?post=609383"},{"taxonomy":"product_tag","embeddable":true,"href":"https:\/\/lucacastelli.com\/fr\/wp-json\/wp\/v2\/product_tag?post=609383"}],"curies":[{"name":"wp","href":"https:\/\/api.w.org\/{rel}","templated":true}]}}