{"id":609379,"date":"2025-08-07T06:30:25","date_gmt":"2025-08-07T04:30:25","guid":{"rendered":"https:\/\/lucacastelli.com\/prodotto\/milwaukee-m12-fuel-taille-haie-compact-avec-lame-de-20-cm\/"},"modified":"2025-08-07T06:30:25","modified_gmt":"2025-08-07T04:30:25","slug":"milwaukee-m12-fuel-taille-haie-compact-avec-lame-de-20-cm","status":"publish","type":"product","link":"https:\/\/lucacastelli.com\/fr\/produit\/milwaukee-m12-fuel-taille-haie-compact-avec-lame-de-20-cm\/","title":{"rendered":"Milwaukee M12 FUEL taille-haie compact avec lame de 20 cm."},"content":{"rendered":"<p>M12 FHT20-402 \/OUTILS DE JARDIN<br \/>\nLame de 20 cm, id\u00e9ale pour les travaux de taille et de pr\u00e9cision ou les travaux topiaires sur les haies et les buissons;Capacit\u00e9 de coupe maximale de 12,5 mm;Permet des coupes rapides et pr\u00e9cises, pour une productivit\u00e9 maximale;Bo\u00eete de vitesses enti\u00e8rement m\u00e9tallique;Poign\u00e9e ergonomique caoutchout\u00e9e pour un contr\u00f4le maximal, m\u00eame dans les endroits difficiles d&#8217;acc\u00e8s ;Conception \u00e9quilibr\u00e9e et l\u00e9g\u00e8re pour une coupe sans effort dans de multiples positions;Protection de l&#8217;extr\u00e9mit\u00e9 de la lame, pour une s\u00e9curit\u00e9 maximale et pour \u00e9viter d&#8217;endommager les objets;Indicateur de l&#8217;\u00e9tat de charge de la batterie;\u00c9quip\u00e9 d&#8217;un prot\u00e8ge-lame;La technologie FUEL red\u00e9finit les outils \u00e9lectriques sans fil. Le moteur sans balais, l&#8217;\u00e9lectronique REDLINK PLUS\u2122 et la batterie REDLITHIUM\u2122 offrent des performances et une durabilit\u00e9 sup\u00e9rieures;Fonctionne avec toutes les batteries Milwaukee. <\/p>\n<p>4933479676<br \/>\n4058546374709<\/p>\n","protected":false},"excerpt":{"rendered":"<p>M12 FHT20-402 \/OUTILS DE JARDINAGE<\/p>\n","protected":false},"featured_media":580973,"template":"","meta":{"_seopress_robots_primary_cat":"","_seopress_titles_title":"","_seopress_titles_desc":"","_seopress_robots_index":""},"product_brand":[3407],"product_cat":[29,491,282,267],"product_tag":[3270],"class_list":{"0":"post-609379","1":"product","2":"type-product","3":"status-publish","4":"has-post-thumbnail","6":"product_brand-milwaukee","7":"product_cat-macchinari","8":"product_cat-accessori-sistemi-a-batteria","9":"product_cat-tosasiepi-e-potatori-a-batteria","10":"product_cat-tosasiepi-e-potatori","11":"product_tag-import-milwau","12":"sws-conto-ricavi-merci-rivendita-macchinari-fr","13":"sws-gruppo-iva-iva81-fr","15":"first","16":"onbackorder","17":"sale","18":"shipping-taxable","19":"purchasable","20":"product-type-simple"},"_links":{"self":[{"href":"https:\/\/lucacastelli.com\/fr\/wp-json\/wp\/v2\/product\/609379","targetHints":{"allow":["GET"]}}],"collection":[{"href":"https:\/\/lucacastelli.com\/fr\/wp-json\/wp\/v2\/product"}],"about":[{"href":"https:\/\/lucacastelli.com\/fr\/wp-json\/wp\/v2\/types\/product"}],"wp:featuredmedia":[{"embeddable":true,"href":"https:\/\/lucacastelli.com\/fr\/wp-json\/wp\/v2\/media\/580973"}],"wp:attachment":[{"href":"https:\/\/lucacastelli.com\/fr\/wp-json\/wp\/v2\/media?parent=609379"}],"wp:term":[{"taxonomy":"product_brand","embeddable":true,"href":"https:\/\/lucacastelli.com\/fr\/wp-json\/wp\/v2\/product_brand?post=609379"},{"taxonomy":"product_cat","embeddable":true,"href":"https:\/\/lucacastelli.com\/fr\/wp-json\/wp\/v2\/product_cat?post=609379"},{"taxonomy":"product_tag","embeddable":true,"href":"https:\/\/lucacastelli.com\/fr\/wp-json\/wp\/v2\/product_tag?post=609379"}],"curies":[{"name":"wp","href":"https:\/\/api.w.org\/{rel}","templated":true}]}}