{"id":609378,"date":"2025-07-18T08:55:19","date_gmt":"2025-07-18T06:55:19","guid":{"rendered":"https:\/\/lucacastelli.com\/prodotto\/milwaukee-lame-diamantee-soudee-au-laser-de-125-mm-offrant-des-performances-exceptionnelles-dans-les-materiaux-durs-tels-que-le-beton\/"},"modified":"2025-07-18T08:55:19","modified_gmt":"2025-07-18T06:55:19","slug":"milwaukee-lame-diamantee-soudee-au-laser-de-125-mm-offrant-des-performances-exceptionnelles-dans-les-materiaux-durs-tels-que-le-beton","status":"publish","type":"product","link":"https:\/\/lucacastelli.com\/fr\/produit\/milwaukee-lame-diamantee-soudee-au-laser-de-125-mm-offrant-des-performances-exceptionnelles-dans-les-materiaux-durs-tels-que-le-beton\/","title":{"rendered":"Milwaukee Lame diamant\u00e9e soud\u00e9e au laser de 125 mm offrant des performances exceptionnelles dans les mat\u00e9riaux durs tels que le b\u00e9ton."},"content":{"rendered":"<p>Lame diamant\u00e9e de qualit\u00e9 sup\u00e9rieure offrant d&#8217;excellentes performances dans les applications sur des mat\u00e9riaux particuli\u00e8rement durs. Applications : id\u00e9al pour les mat\u00e9riaux durs, m\u00eame le b\u00e9ton arm\u00e9. <\/p>\n","protected":false},"excerpt":{"rendered":"<p>Lame diamant\u00e9e de qualit\u00e9 sup\u00e9rieure offrant d&#8217;excellentes performances dans les applications sur des mat\u00e9riaux particuli\u00e8rement durs. Applications : id\u00e9al pour<\/p>\n","protected":false},"featured_media":495422,"template":"","meta":{"_seopress_robots_primary_cat":"","_seopress_titles_title":"","_seopress_titles_desc":"","_seopress_robots_index":""},"product_brand":[3407],"product_cat":[29,555],"product_tag":[3270],"class_list":{"0":"post-609378","1":"product","2":"type-product","3":"status-publish","4":"has-post-thumbnail","6":"product_brand-milwaukee","7":"product_cat-macchinari","8":"product_cat-smerigliatrici","9":"product_tag-import-milwau","10":"sws-gruppo-macchinari-fr","11":"sws-conto-ricavi-merci-rivendita-macchinari-fr","12":"sws-gruppo-iva-iva81-fr","14":"first","15":"onbackorder","16":"sale","17":"shipping-taxable","18":"purchasable","19":"product-type-simple"},"_links":{"self":[{"href":"https:\/\/lucacastelli.com\/fr\/wp-json\/wp\/v2\/product\/609378","targetHints":{"allow":["GET"]}}],"collection":[{"href":"https:\/\/lucacastelli.com\/fr\/wp-json\/wp\/v2\/product"}],"about":[{"href":"https:\/\/lucacastelli.com\/fr\/wp-json\/wp\/v2\/types\/product"}],"wp:featuredmedia":[{"embeddable":true,"href":"https:\/\/lucacastelli.com\/fr\/wp-json\/wp\/v2\/media\/495422"}],"wp:attachment":[{"href":"https:\/\/lucacastelli.com\/fr\/wp-json\/wp\/v2\/media?parent=609378"}],"wp:term":[{"taxonomy":"product_brand","embeddable":true,"href":"https:\/\/lucacastelli.com\/fr\/wp-json\/wp\/v2\/product_brand?post=609378"},{"taxonomy":"product_cat","embeddable":true,"href":"https:\/\/lucacastelli.com\/fr\/wp-json\/wp\/v2\/product_cat?post=609378"},{"taxonomy":"product_tag","embeddable":true,"href":"https:\/\/lucacastelli.com\/fr\/wp-json\/wp\/v2\/product_tag?post=609378"}],"curies":[{"name":"wp","href":"https:\/\/api.w.org\/{rel}","templated":true}]}}