{"id":609377,"date":"2025-08-07T20:29:40","date_gmt":"2025-08-07T18:29:40","guid":{"rendered":"https:\/\/lucacastelli.com\/prodotto\/milwaukee-couteau-a-lame-fixe-2\/"},"modified":"2025-08-07T20:29:40","modified_gmt":"2025-08-07T18:29:40","slug":"milwaukee-couteau-a-lame-fixe-2","status":"publish","type":"product","link":"https:\/\/lucacastelli.com\/fr\/produit\/milwaukee-couteau-a-lame-fixe-2\/","title":{"rendered":"Milwaukee Couteau \u00e0 lame fixe"},"content":{"rendered":"<p>COUTEAU \u00c0 LAME FIXE<br \/>\nLame fixe pr\u00eate \u00e0 l&#8217;emploi pour un acc\u00e8s plus facile et plus rapide au couteau;Changement de lame sans outil : gain de temps. Le m\u00e9canisme \u00e0 vis \u00e0 t\u00eate molet\u00e9e permet de changer la lame rapidement et sans outil suppl\u00e9mentaire ;Possibilit\u00e9 de ranger jusqu&#8217;\u00e0 5 lames \u00e0 l&#8217;int\u00e9rieur du manche ;Emplacement pour une lani\u00e8re ;Corps enti\u00e8rement m\u00e9tallique. <\/p>\n<p>4932471361<br \/>\n4058546289898<\/p>\n","protected":false},"excerpt":{"rendered":"<p>COUTEAU \u00c0 LAME FIXE<\/p>\n","protected":false},"featured_media":536481,"template":"","meta":{"_seopress_robots_primary_cat":"","_seopress_titles_title":"","_seopress_titles_desc":"","_seopress_robots_index":""},"product_brand":[3407],"product_cat":[5416,33],"product_tag":[3270],"class_list":{"0":"post-609377","1":"product","2":"type-product","3":"status-publish","4":"has-post-thumbnail","6":"product_brand-milwaukee","7":"product_cat-utensili-per-officina","8":"product_cat-attrezzature","9":"product_tag-import-milwau","10":"sws-conto-ricavi-merci-rivendita-macchinari-fr","11":"sws-gruppo-iva-iva81-fr","13":"first","14":"onbackorder","15":"sale","16":"shipping-taxable","17":"purchasable","18":"product-type-simple"},"_links":{"self":[{"href":"https:\/\/lucacastelli.com\/fr\/wp-json\/wp\/v2\/product\/609377","targetHints":{"allow":["GET"]}}],"collection":[{"href":"https:\/\/lucacastelli.com\/fr\/wp-json\/wp\/v2\/product"}],"about":[{"href":"https:\/\/lucacastelli.com\/fr\/wp-json\/wp\/v2\/types\/product"}],"wp:featuredmedia":[{"embeddable":true,"href":"https:\/\/lucacastelli.com\/fr\/wp-json\/wp\/v2\/media\/536481"}],"wp:attachment":[{"href":"https:\/\/lucacastelli.com\/fr\/wp-json\/wp\/v2\/media?parent=609377"}],"wp:term":[{"taxonomy":"product_brand","embeddable":true,"href":"https:\/\/lucacastelli.com\/fr\/wp-json\/wp\/v2\/product_brand?post=609377"},{"taxonomy":"product_cat","embeddable":true,"href":"https:\/\/lucacastelli.com\/fr\/wp-json\/wp\/v2\/product_cat?post=609377"},{"taxonomy":"product_tag","embeddable":true,"href":"https:\/\/lucacastelli.com\/fr\/wp-json\/wp\/v2\/product_tag?post=609377"}],"curies":[{"name":"wp","href":"https:\/\/api.w.org\/{rel}","templated":true}]}}