{"id":609376,"date":"2025-08-07T15:20:22","date_gmt":"2025-08-07T13:20:22","guid":{"rendered":"https:\/\/lucacastelli.com\/prodotto\/lame-de-scie-circulaire-milwaukee-diam-trou-mm-190-30-z24\/"},"modified":"2025-08-07T15:20:22","modified_gmt":"2025-08-07T13:20:22","slug":"lame-de-scie-circulaire-milwaukee-diam-trou-mm-190-30-z24","status":"publish","type":"product","link":"https:\/\/lucacastelli.com\/fr\/produit\/lame-de-scie-circulaire-milwaukee-diam-trou-mm-190-30-z24\/","title":{"rendered":"LAME DE SCIE CIRCULAIRE MILWAUKEE Diam.\/trou mm 190\/30 Z24"},"content":{"rendered":"<p>CIRC. Diam.\/trou mm 190\/30 Z24<br \/>\nRev\u00eatement PTFE (Teflon) : r\u00e9duit la friction, pour des coupes plus rapides et plus froides. Prot\u00e8ge contre la corrosion et l&#8217;accumulation de r\u00e9sine;Inserts vibrants d\u00e9coup\u00e9s au laser : pour r\u00e9duire les vibrations et obtenir des coupes plus pr\u00e9cises;Les inserts sont remplis de polyur\u00e9thane et agissent comme des amortisseurs, emp\u00eachant les vibrations d&#8217;atteindre les dentures en carbure;Acier de haute qualit\u00e9 d\u00e9coup\u00e9 au laser : garantit des coupes pr\u00e9cises;Dentures en carbure recouvertes de cobalt : restent tranchantes plus longtemps et garantissent des coupes de qualit\u00e9. <\/p>\n<p>4932498976<br \/>\n4058546528454<\/p>\n","protected":false},"excerpt":{"rendered":"<p>LAMES CIRC. Diam.\/trou mm 190\/30 Z24<\/p>\n","protected":false},"featured_media":592126,"template":"","meta":{"_seopress_robots_primary_cat":"","_seopress_titles_title":"","_seopress_titles_desc":"","_seopress_robots_index":""},"product_brand":[3658],"product_cat":[144,5417],"product_tag":[3273],"class_list":{"0":"post-609376","1":"product","2":"type-product","3":"status-publish","4":"has-post-thumbnail","6":"product_brand-milwaukee-fr","7":"product_cat-equipement","8":"product_cat-outils-pour-atelier","9":"product_tag-import-milwau-fr","10":"sws-conto-ricavi-merci-rivendita-macchinari-fr","11":"sws-gruppo-iva-iva81-fr","13":"first","14":"onbackorder","15":"sale","16":"shipping-taxable","17":"purchasable","18":"product-type-simple"},"_links":{"self":[{"href":"https:\/\/lucacastelli.com\/fr\/wp-json\/wp\/v2\/product\/609376","targetHints":{"allow":["GET"]}}],"collection":[{"href":"https:\/\/lucacastelli.com\/fr\/wp-json\/wp\/v2\/product"}],"about":[{"href":"https:\/\/lucacastelli.com\/fr\/wp-json\/wp\/v2\/types\/product"}],"wp:featuredmedia":[{"embeddable":true,"href":"https:\/\/lucacastelli.com\/fr\/wp-json\/wp\/v2\/media\/592126"}],"wp:attachment":[{"href":"https:\/\/lucacastelli.com\/fr\/wp-json\/wp\/v2\/media?parent=609376"}],"wp:term":[{"taxonomy":"product_brand","embeddable":true,"href":"https:\/\/lucacastelli.com\/fr\/wp-json\/wp\/v2\/product_brand?post=609376"},{"taxonomy":"product_cat","embeddable":true,"href":"https:\/\/lucacastelli.com\/fr\/wp-json\/wp\/v2\/product_cat?post=609376"},{"taxonomy":"product_tag","embeddable":true,"href":"https:\/\/lucacastelli.com\/fr\/wp-json\/wp\/v2\/product_tag?post=609376"}],"curies":[{"name":"wp","href":"https:\/\/api.w.org\/{rel}","templated":true}]}}