{"id":609372,"date":"2025-07-12T17:54:25","date_gmt":"2025-07-12T15:54:25","guid":{"rendered":"https:\/\/lucacastelli.com\/prodotto\/milwaukee-lame-segmentee-5\/"},"modified":"2026-04-16T02:20:16","modified_gmt":"2026-04-16T00:20:16","slug":"milwaukee-lame-segmentee-5","status":"publish","type":"product","link":"https:\/\/lucacastelli.com\/fr\/produit\/milwaukee-lame-segmentee-5\/","title":{"rendered":"MILWAUKEE Lame segment\u00e9e"},"content":{"rendered":"<p>L. SEGM DIAM SL 90&#215;2,2 mm &#8211; JOINTS 1 pce<br \/>\nLame segment\u00e9e diamant\u00e9e 90&#215;2,2 mm &#8211; joints. Pour l\u2019enl\u00e8vement de mastic endommag\u00e9 sur les murs ou les sols. Dur\u00e9e de vie 5x sup\u00e9rieure aux lames standard ; la fixation universelle STARLOCK rend les accessoires Multitool MILWAUKEE\u00ae compatibles avec les outils oscillants les plus courants  <\/p>\n<p>Lames d\u2019enl\u00e8vement et de grattage<br \/>\n045242600489<\/p>\n","protected":false},"excerpt":{"rendered":"<p>L. SEGM DIAM SL 90&#215;2,2 mm &#8211; JOINTS 1 pce Lame segment\u00e9e diamant\u00e9e 90&#215;2,2 mm &#8211; joints. Pour l\u2019enl\u00e8vement de<\/p>\n","protected":false},"featured_media":485292,"template":"","meta":{"_seopress_robots_primary_cat":"","_seopress_titles_title":"","_seopress_titles_desc":"","_seopress_robots_index":""},"product_brand":[3407],"product_cat":[29,558],"product_tag":[6834],"class_list":{"0":"post-609372","1":"product","2":"type-product","3":"status-publish","4":"has-post-thumbnail","6":"product_brand-milwaukee","7":"product_cat-macchinari","8":"product_cat-seghe-accessori-vari","9":"product_tag-imp-26-mw_update","10":"sws-gruppo-macchinari-fr","11":"sws-conto-ricavi-merci-rivendita-macchinari-fr","12":"sws-gruppo-iva-iva81-fr","14":"first","15":"instock","16":"sale","17":"shipping-taxable","18":"purchasable","19":"product-type-simple"},"_links":{"self":[{"href":"https:\/\/lucacastelli.com\/fr\/wp-json\/wp\/v2\/product\/609372","targetHints":{"allow":["GET"]}}],"collection":[{"href":"https:\/\/lucacastelli.com\/fr\/wp-json\/wp\/v2\/product"}],"about":[{"href":"https:\/\/lucacastelli.com\/fr\/wp-json\/wp\/v2\/types\/product"}],"wp:featuredmedia":[{"embeddable":true,"href":"https:\/\/lucacastelli.com\/fr\/wp-json\/wp\/v2\/media\/485292"}],"wp:attachment":[{"href":"https:\/\/lucacastelli.com\/fr\/wp-json\/wp\/v2\/media?parent=609372"}],"wp:term":[{"taxonomy":"product_brand","embeddable":true,"href":"https:\/\/lucacastelli.com\/fr\/wp-json\/wp\/v2\/product_brand?post=609372"},{"taxonomy":"product_cat","embeddable":true,"href":"https:\/\/lucacastelli.com\/fr\/wp-json\/wp\/v2\/product_cat?post=609372"},{"taxonomy":"product_tag","embeddable":true,"href":"https:\/\/lucacastelli.com\/fr\/wp-json\/wp\/v2\/product_tag?post=609372"}],"curies":[{"name":"wp","href":"https:\/\/api.w.org\/{rel}","templated":true}]}}