{"id":609321,"date":"2025-07-12T17:54:29","date_gmt":"2025-07-12T15:54:29","guid":{"rendered":"https:\/\/lucacastelli.com\/prodotto\/milwaukee-lame-de-grattoir\/"},"modified":"2025-07-12T17:54:29","modified_gmt":"2025-07-12T15:54:29","slug":"milwaukee-lame-de-grattoir","status":"publish","type":"product","link":"https:\/\/lucacastelli.com\/fr\/produit\/milwaukee-lame-de-grattoir\/","title":{"rendered":"Milwaukee Lame de grattoir"},"content":{"rendered":"<p>Lame grattoir rigide de 52 mm pour \u00e9liminer les r\u00e9sidus durs tels que les colles dures, les colles \u00e0 carrelage, les r\u00e9sidus de ciment et les vieilles peintures;L&#8217;attache universelle STARLOCK rend les accessoires Milwaukee Multitool compatibles avec les outils oscillants les plus courants.<\/p>\n","protected":false},"excerpt":{"rendered":"<p>Lame grattoir rigide de 52 mm pour \u00e9liminer les r\u00e9sidus durs tels que les colles dures, les colles \u00e0 carrelage,<\/p>\n","protected":false},"featured_media":485353,"template":"","meta":{"_seopress_robots_primary_cat":"","_seopress_titles_title":"","_seopress_titles_desc":"","_seopress_robots_index":""},"product_brand":[3407],"product_cat":[29,558],"product_tag":[3270],"class_list":{"0":"post-609321","1":"product","2":"type-product","3":"status-publish","4":"has-post-thumbnail","6":"product_brand-milwaukee","7":"product_cat-macchinari","8":"product_cat-seghe-accessori-vari","9":"product_tag-import-milwau","10":"sws-gruppo-macchinari-fr","11":"sws-conto-ricavi-merci-rivendita-macchinari-fr","12":"sws-gruppo-iva-iva81-fr","14":"first","15":"instock","16":"sale","17":"shipping-taxable","18":"purchasable","19":"product-type-simple"},"_links":{"self":[{"href":"https:\/\/lucacastelli.com\/fr\/wp-json\/wp\/v2\/product\/609321","targetHints":{"allow":["GET"]}}],"collection":[{"href":"https:\/\/lucacastelli.com\/fr\/wp-json\/wp\/v2\/product"}],"about":[{"href":"https:\/\/lucacastelli.com\/fr\/wp-json\/wp\/v2\/types\/product"}],"wp:featuredmedia":[{"embeddable":true,"href":"https:\/\/lucacastelli.com\/fr\/wp-json\/wp\/v2\/media\/485353"}],"wp:attachment":[{"href":"https:\/\/lucacastelli.com\/fr\/wp-json\/wp\/v2\/media?parent=609321"}],"wp:term":[{"taxonomy":"product_brand","embeddable":true,"href":"https:\/\/lucacastelli.com\/fr\/wp-json\/wp\/v2\/product_brand?post=609321"},{"taxonomy":"product_cat","embeddable":true,"href":"https:\/\/lucacastelli.com\/fr\/wp-json\/wp\/v2\/product_cat?post=609321"},{"taxonomy":"product_tag","embeddable":true,"href":"https:\/\/lucacastelli.com\/fr\/wp-json\/wp\/v2\/product_tag?post=609321"}],"curies":[{"name":"wp","href":"https:\/\/api.w.org\/{rel}","templated":true}]}}