{"id":609317,"date":"2025-08-07T06:25:35","date_gmt":"2025-08-07T04:25:35","guid":{"rendered":"https:\/\/lucacastelli.com\/prodotto\/milwaukee-lame-de-remplacement-pour-m18-blts\/"},"modified":"2025-08-07T06:25:35","modified_gmt":"2025-08-07T04:25:35","slug":"milwaukee-lame-de-remplacement-pour-m18-blts","status":"publish","type":"product","link":"https:\/\/lucacastelli.com\/fr\/produit\/milwaukee-lame-de-remplacement-pour-m18-blts\/","title":{"rendered":"Milwaukee Lame de remplacement pour M18 BLTS"},"content":{"rendered":"<p>Lame de remplacement svetta M18 BLTS\/ACCES GIA<br \/>\nLame de remplacement pour le tamis t\u00e9lescopique \u00e0 batterie M18 BLTS;La lame en acier DC53 tr\u00e8s r\u00e9sistant offre des performances optimales et une longue dur\u00e9e de vie<\/p>\n<p>4932493557<br \/>\n4058546484286.<\/p>\n","protected":false},"excerpt":{"rendered":"<p>M18 BLTS\/ACCES GIA lame de remplacement<\/p>\n","protected":false},"featured_media":562694,"template":"","meta":{"_seopress_robots_primary_cat":"","_seopress_titles_title":"","_seopress_titles_desc":"","_seopress_robots_index":""},"product_brand":[3658],"product_cat":[5532,167,1450],"product_tag":[3273],"class_list":{"0":"post-609317","1":"product","2":"type-product","3":"status-publish","4":"has-post-thumbnail","6":"product_brand-milwaukee-fr","7":"product_cat-diverses-machines-milwaukee","8":"product_cat-machines","9":"product_cat-systemes-de-batteries-accessoires","10":"product_tag-import-milwau-fr","11":"sws-conto-ricavi-merci-rivendita-macchinari-fr","12":"sws-gruppo-iva-iva81-fr","14":"first","15":"onbackorder","16":"shipping-taxable","17":"purchasable","18":"product-type-simple"},"_links":{"self":[{"href":"https:\/\/lucacastelli.com\/fr\/wp-json\/wp\/v2\/product\/609317","targetHints":{"allow":["GET"]}}],"collection":[{"href":"https:\/\/lucacastelli.com\/fr\/wp-json\/wp\/v2\/product"}],"about":[{"href":"https:\/\/lucacastelli.com\/fr\/wp-json\/wp\/v2\/types\/product"}],"wp:featuredmedia":[{"embeddable":true,"href":"https:\/\/lucacastelli.com\/fr\/wp-json\/wp\/v2\/media\/562694"}],"wp:attachment":[{"href":"https:\/\/lucacastelli.com\/fr\/wp-json\/wp\/v2\/media?parent=609317"}],"wp:term":[{"taxonomy":"product_brand","embeddable":true,"href":"https:\/\/lucacastelli.com\/fr\/wp-json\/wp\/v2\/product_brand?post=609317"},{"taxonomy":"product_cat","embeddable":true,"href":"https:\/\/lucacastelli.com\/fr\/wp-json\/wp\/v2\/product_cat?post=609317"},{"taxonomy":"product_tag","embeddable":true,"href":"https:\/\/lucacastelli.com\/fr\/wp-json\/wp\/v2\/product_tag?post=609317"}],"curies":[{"name":"wp","href":"https:\/\/api.w.org\/{rel}","templated":true}]}}