{"id":609310,"date":"2025-07-12T17:54:22","date_gmt":"2025-07-12T15:54:22","guid":{"rendered":"https:\/\/lucacastelli.com\/prodotto\/milwaukee-lame-segmentee\/"},"modified":"2025-07-12T17:54:22","modified_gmt":"2025-07-12T15:54:22","slug":"milwaukee-lame-segmentee","status":"publish","type":"product","link":"https:\/\/lucacastelli.com\/fr\/produit\/milwaukee-lame-segmentee\/","title":{"rendered":"Milwaukee Lame segment\u00e9e"},"content":{"rendered":"<p>Lame segment\u00e9e en carbure 75&#215;2,2 mm &#8211; joints. Pour retirer le coulis endommag\u00e9 du mur ou du sol;L&#8217;attache universelle STARLOCK rend les accessoires Milwaukee\u00ae Multitool compatibles avec la plupart des outils oscillants populaires. <\/p>\n","protected":false},"excerpt":{"rendered":"<p>Lame segment\u00e9e en carbure 75&#215;2,2 mm &#8211; joints. Pour retirer le coulis endommag\u00e9 du mur ou du sol;L&#8217;attache universelle STARLOCK<\/p>\n","protected":false},"featured_media":485290,"template":"","meta":{"_seopress_robots_primary_cat":"","_seopress_titles_title":"","_seopress_titles_desc":"","_seopress_robots_index":""},"product_brand":[3658],"product_cat":[167,1534],"product_tag":[3273],"class_list":{"0":"post-609310","1":"product","2":"type-product","3":"status-publish","4":"has-post-thumbnail","6":"product_brand-milwaukee-fr","7":"product_cat-machines","8":"product_cat-scies","9":"product_tag-import-milwau-fr","10":"sws-gruppo-macchinari-fr","11":"sws-conto-ricavi-merci-rivendita-macchinari-fr","12":"sws-gruppo-iva-iva81-fr","14":"first","15":"instock","16":"sale","17":"shipping-taxable","18":"purchasable","19":"product-type-simple"},"_links":{"self":[{"href":"https:\/\/lucacastelli.com\/fr\/wp-json\/wp\/v2\/product\/609310","targetHints":{"allow":["GET"]}}],"collection":[{"href":"https:\/\/lucacastelli.com\/fr\/wp-json\/wp\/v2\/product"}],"about":[{"href":"https:\/\/lucacastelli.com\/fr\/wp-json\/wp\/v2\/types\/product"}],"wp:featuredmedia":[{"embeddable":true,"href":"https:\/\/lucacastelli.com\/fr\/wp-json\/wp\/v2\/media\/485290"}],"wp:attachment":[{"href":"https:\/\/lucacastelli.com\/fr\/wp-json\/wp\/v2\/media?parent=609310"}],"wp:term":[{"taxonomy":"product_brand","embeddable":true,"href":"https:\/\/lucacastelli.com\/fr\/wp-json\/wp\/v2\/product_brand?post=609310"},{"taxonomy":"product_cat","embeddable":true,"href":"https:\/\/lucacastelli.com\/fr\/wp-json\/wp\/v2\/product_cat?post=609310"},{"taxonomy":"product_tag","embeddable":true,"href":"https:\/\/lucacastelli.com\/fr\/wp-json\/wp\/v2\/product_tag?post=609310"}],"curies":[{"name":"wp","href":"https:\/\/api.w.org\/{rel}","templated":true}]}}