{"id":609291,"date":"2025-08-06T18:16:15","date_gmt":"2025-08-06T16:16:15","guid":{"rendered":"https:\/\/lucacastelli.com\/prodotto\/milwaukee-tournevis-32\/"},"modified":"2025-08-06T18:16:15","modified_gmt":"2025-08-06T16:16:15","slug":"milwaukee-tournevis-32","status":"publish","type":"product","link":"https:\/\/lucacastelli.com\/fr\/produit\/milwaukee-tournevis-32\/","title":{"rendered":"Milwaukee Tournevis"},"content":{"rendered":"<p>TOURNE VIS T20x100 1pcs<br \/>\nPoign\u00e9e extr\u00eamement maniable qui permet \u00e0 l&#8217;utilisateur d&#8217;utiliser le tournevis rapidement et confortablement lors des applications;Marques d&#8217;identification toujours bien visibles pour identifier facilement le tournevis ;Trou pour attacher le tournevis aux lacets de s\u00e9curit\u00e9;Embout en mat\u00e9riau magn\u00e9tique extr\u00eamement durable et pratique;Poign\u00e9e \u00e0 trois c\u00f4t\u00e9s pour \u00e9viter que le tournevis ne glisse entre les mains;Lame hexagonale permettant d&#8217;utiliser la cl\u00e9 pour exercer un plus grand effet de levier<\/p>\n<p>4932471801<br \/>\n4058546297008<\/p>\n","protected":false},"excerpt":{"rendered":"<p>VIS T20x100 1 pc<\/p>\n","protected":false},"featured_media":537886,"template":"","meta":{"_seopress_robots_primary_cat":"","_seopress_titles_title":"","_seopress_titles_desc":"","_seopress_robots_index":""},"product_brand":[3407],"product_cat":[5416,33,537],"product_tag":[3270],"class_list":{"0":"post-609291","1":"product","2":"type-product","3":"status-publish","4":"has-post-thumbnail","6":"product_brand-milwaukee","7":"product_cat-utensili-per-officina","8":"product_cat-attrezzature","9":"product_cat-attrezzatura-da-lavoro","10":"product_tag-import-milwau","11":"sws-conto-ricavi-merci-rivendita-macchinari-fr","12":"sws-gruppo-iva-iva81-fr","14":"first","15":"onbackorder","16":"shipping-taxable","17":"purchasable","18":"product-type-simple"},"_links":{"self":[{"href":"https:\/\/lucacastelli.com\/fr\/wp-json\/wp\/v2\/product\/609291","targetHints":{"allow":["GET"]}}],"collection":[{"href":"https:\/\/lucacastelli.com\/fr\/wp-json\/wp\/v2\/product"}],"about":[{"href":"https:\/\/lucacastelli.com\/fr\/wp-json\/wp\/v2\/types\/product"}],"wp:featuredmedia":[{"embeddable":true,"href":"https:\/\/lucacastelli.com\/fr\/wp-json\/wp\/v2\/media\/537886"}],"wp:attachment":[{"href":"https:\/\/lucacastelli.com\/fr\/wp-json\/wp\/v2\/media?parent=609291"}],"wp:term":[{"taxonomy":"product_brand","embeddable":true,"href":"https:\/\/lucacastelli.com\/fr\/wp-json\/wp\/v2\/product_brand?post=609291"},{"taxonomy":"product_cat","embeddable":true,"href":"https:\/\/lucacastelli.com\/fr\/wp-json\/wp\/v2\/product_cat?post=609291"},{"taxonomy":"product_tag","embeddable":true,"href":"https:\/\/lucacastelli.com\/fr\/wp-json\/wp\/v2\/product_tag?post=609291"}],"curies":[{"name":"wp","href":"https:\/\/api.w.org\/{rel}","templated":true}]}}