{"id":609258,"date":"2025-08-09T19:49:58","date_gmt":"2025-08-09T17:49:58","guid":{"rendered":"https:\/\/lucacastelli.com\/prodotto\/milwaukee-packout-thermoforme-jeu-de-tournevis-de-precision-17-pieces\/"},"modified":"2025-08-09T19:49:58","modified_gmt":"2025-08-09T17:49:58","slug":"milwaukee-packout-thermoforme-jeu-de-tournevis-de-precision-17-pieces","status":"publish","type":"product","link":"https:\/\/lucacastelli.com\/fr\/produit\/milwaukee-packout-thermoforme-jeu-de-tournevis-de-precision-17-pieces\/","title":{"rendered":"Milwaukee PACKOUT thermoform\u00e9 jeu de tournevis de pr\u00e9cision &#8211; 17 pi\u00e8ces."},"content":{"rendered":"<p>PRECIS THERMOF PACKOUT TURNBIT SET<br \/>\nNoyau enti\u00e8rement m\u00e9tallique pour une r\u00e9sistance jusqu&#8217;\u00e0 4 fois sup\u00e9rieure,;Tige plus longue pour une visibilit\u00e9 et une port\u00e9e accrues;Dos rotatif \u00e0 360\u00b0 pour un meilleur contr\u00f4le;Les pointes usin\u00e9es avec pr\u00e9cision assurent une durabilit\u00e9 et une pr\u00e9cision maximales;Les tiges chrom\u00e9es augmentent la dur\u00e9e de vie des outils en r\u00e9duisant le risque de corrosion;Mousse de premi\u00e8re qualit\u00e9 pour une durabilit\u00e9 accrue. Gabarits d\u00e9coup\u00e9s au laser, fond rouge pour une identification rapide des outils manquants.<\/p>\n<p>4932493644<br \/>\n4058546485153<\/p>\n","protected":false},"excerpt":{"rendered":"<p>THERMOF PACKOUT SET DE TOURNEVIS DE PR\u00c9CISION<\/p>\n","protected":false},"featured_media":563094,"template":"","meta":{"_seopress_robots_primary_cat":"","_seopress_titles_title":"","_seopress_titles_desc":"","_seopress_robots_index":""},"product_brand":[3407],"product_cat":[5416,33],"product_tag":[3270],"class_list":{"0":"post-609258","1":"product","2":"type-product","3":"status-publish","4":"has-post-thumbnail","6":"product_brand-milwaukee","7":"product_cat-utensili-per-officina","8":"product_cat-attrezzature","9":"product_tag-import-milwau","10":"sws-conto-ricavi-merci-rivendita-macchinari-fr","11":"sws-gruppo-iva-iva81-fr","13":"first","14":"onbackorder","15":"sale","16":"shipping-taxable","17":"purchasable","18":"product-type-simple"},"_links":{"self":[{"href":"https:\/\/lucacastelli.com\/fr\/wp-json\/wp\/v2\/product\/609258","targetHints":{"allow":["GET"]}}],"collection":[{"href":"https:\/\/lucacastelli.com\/fr\/wp-json\/wp\/v2\/product"}],"about":[{"href":"https:\/\/lucacastelli.com\/fr\/wp-json\/wp\/v2\/types\/product"}],"wp:featuredmedia":[{"embeddable":true,"href":"https:\/\/lucacastelli.com\/fr\/wp-json\/wp\/v2\/media\/563094"}],"wp:attachment":[{"href":"https:\/\/lucacastelli.com\/fr\/wp-json\/wp\/v2\/media?parent=609258"}],"wp:term":[{"taxonomy":"product_brand","embeddable":true,"href":"https:\/\/lucacastelli.com\/fr\/wp-json\/wp\/v2\/product_brand?post=609258"},{"taxonomy":"product_cat","embeddable":true,"href":"https:\/\/lucacastelli.com\/fr\/wp-json\/wp\/v2\/product_cat?post=609258"},{"taxonomy":"product_tag","embeddable":true,"href":"https:\/\/lucacastelli.com\/fr\/wp-json\/wp\/v2\/product_tag?post=609258"}],"curies":[{"name":"wp","href":"https:\/\/api.w.org\/{rel}","templated":true}]}}