{"id":609252,"date":"2025-08-09T19:49:57","date_gmt":"2025-08-09T17:49:57","guid":{"rendered":"https:\/\/lucacastelli.com\/prodotto\/milwaukee-packout-thermoforme-jeu-de-tournevis-et-de-pinces-10-pieces\/"},"modified":"2025-08-09T19:49:57","modified_gmt":"2025-08-09T17:49:57","slug":"milwaukee-packout-thermoforme-jeu-de-tournevis-et-de-pinces-10-pieces","status":"publish","type":"product","link":"https:\/\/lucacastelli.com\/fr\/produit\/milwaukee-packout-thermoforme-jeu-de-tournevis-et-de-pinces-10-pieces\/","title":{"rendered":"Milwaukee PACKOUT thermoform\u00e9 jeu de tournevis et de pinces &#8211; 10 pi\u00e8ces."},"content":{"rendered":"<p>JEU DE TOURNES ET DE PINCES THERMOF<br \/>\nConception ergonomique de la poign\u00e9e pour un confort maximal de l&#8217;utilisateur et id\u00e9ale pour les applications \u00e0 couple \u00e9lev\u00e9.;Identification facile des outils.;Les pointes magn\u00e9tiques tremp\u00e9es assurent une durabilit\u00e9 maximale et une r\u00e9tention des fixations.;Transmission maximale de la puissance pour un effet de levier optimal, pour un travail facile et sans effort.;Conception de la t\u00eate douce au toucher gr\u00e2ce aux bords arrondis pour \u00e9viter les blessures \u00e0 la main.;Mousse de premi\u00e8re qualit\u00e9 pour une meilleure durabilit\u00e9. Gabarits d\u00e9coup\u00e9s au laser, fond rouge pour une identification rapide des outils manquants.<\/p>\n<p>4932493638<br \/>\n4058546485092<\/p>\n","protected":false},"excerpt":{"rendered":"<p>THERMOF PACKOUT SET DE TOURNEVIS ET DE PINCES<\/p>\n","protected":false},"featured_media":563012,"template":"","meta":{"_seopress_robots_primary_cat":"","_seopress_titles_title":"","_seopress_titles_desc":"","_seopress_robots_index":""},"product_brand":[3658],"product_cat":[144,5417],"product_tag":[3273],"class_list":{"0":"post-609252","1":"product","2":"type-product","3":"status-publish","4":"has-post-thumbnail","6":"product_brand-milwaukee-fr","7":"product_cat-equipement","8":"product_cat-outils-pour-atelier","9":"product_tag-import-milwau-fr","10":"sws-conto-ricavi-merci-rivendita-macchinari-fr","11":"sws-gruppo-iva-iva81-fr","13":"first","14":"onbackorder","15":"sale","16":"shipping-taxable","17":"purchasable","18":"product-type-simple"},"_links":{"self":[{"href":"https:\/\/lucacastelli.com\/fr\/wp-json\/wp\/v2\/product\/609252","targetHints":{"allow":["GET"]}}],"collection":[{"href":"https:\/\/lucacastelli.com\/fr\/wp-json\/wp\/v2\/product"}],"about":[{"href":"https:\/\/lucacastelli.com\/fr\/wp-json\/wp\/v2\/types\/product"}],"wp:featuredmedia":[{"embeddable":true,"href":"https:\/\/lucacastelli.com\/fr\/wp-json\/wp\/v2\/media\/563012"}],"wp:attachment":[{"href":"https:\/\/lucacastelli.com\/fr\/wp-json\/wp\/v2\/media?parent=609252"}],"wp:term":[{"taxonomy":"product_brand","embeddable":true,"href":"https:\/\/lucacastelli.com\/fr\/wp-json\/wp\/v2\/product_brand?post=609252"},{"taxonomy":"product_cat","embeddable":true,"href":"https:\/\/lucacastelli.com\/fr\/wp-json\/wp\/v2\/product_cat?post=609252"},{"taxonomy":"product_tag","embeddable":true,"href":"https:\/\/lucacastelli.com\/fr\/wp-json\/wp\/v2\/product_tag?post=609252"}],"curies":[{"name":"wp","href":"https:\/\/api.w.org\/{rel}","templated":true}]}}