{"id":609244,"date":"2025-08-08T18:34:22","date_gmt":"2025-08-08T16:34:22","guid":{"rendered":"https:\/\/lucacastelli.com\/prodotto\/milwaukee-set-de-tournevis-isoles-1000v-dans-un-module-souple\/"},"modified":"2025-08-08T18:34:22","modified_gmt":"2025-08-08T16:34:22","slug":"milwaukee-set-de-tournevis-isoles-1000v-dans-un-module-souple","status":"publish","type":"product","link":"https:\/\/lucacastelli.com\/fr\/produit\/milwaukee-set-de-tournevis-isoles-1000v-dans-un-module-souple\/","title":{"rendered":"Milwaukee Set de tournevis isol\u00e9s 1000V dans un module souple"},"content":{"rendered":"<p>1000V MOD MORBIDO INSULATED SWIVEL SET<br \/>\nTest\u00e9 jusqu&#8217;\u00e0 10 000V et garanti jusqu&#8217;\u00e0 1 000V;Diam\u00e8tre \u00e9troit pour acc\u00e9der aux applications dans les espaces restreints;Poign\u00e9e confortable \u00e0 trois c\u00f4t\u00e9s optimis\u00e9e pour un confort maximal de l&#8217;utilisateur et des applications \u00e0 couple \u00e9lev\u00e9;Gravure laser sur le dessus pour une identification rapide du mod\u00e8le<\/p>\n<p>4932493249<br \/>\n4058546481209<\/p>\n","protected":false},"excerpt":{"rendered":"<p>JEU DE TOURNEVIS ISOL\u00c9S 1000V SOFT MOD.<\/p>\n","protected":false},"featured_media":561831,"template":"","meta":{"_seopress_robots_primary_cat":"","_seopress_titles_title":"","_seopress_titles_desc":"","_seopress_robots_index":""},"product_brand":[3407],"product_cat":[5416,33],"product_tag":[3270],"class_list":{"0":"post-609244","1":"product","2":"type-product","3":"status-publish","4":"has-post-thumbnail","6":"product_brand-milwaukee","7":"product_cat-utensili-per-officina","8":"product_cat-attrezzature","9":"product_tag-import-milwau","10":"sws-conto-ricavi-merci-rivendita-macchinari-fr","11":"sws-gruppo-iva-iva81-fr","13":"first","14":"onbackorder","15":"sale","16":"shipping-taxable","17":"purchasable","18":"product-type-simple"},"_links":{"self":[{"href":"https:\/\/lucacastelli.com\/fr\/wp-json\/wp\/v2\/product\/609244","targetHints":{"allow":["GET"]}}],"collection":[{"href":"https:\/\/lucacastelli.com\/fr\/wp-json\/wp\/v2\/product"}],"about":[{"href":"https:\/\/lucacastelli.com\/fr\/wp-json\/wp\/v2\/types\/product"}],"wp:featuredmedia":[{"embeddable":true,"href":"https:\/\/lucacastelli.com\/fr\/wp-json\/wp\/v2\/media\/561831"}],"wp:attachment":[{"href":"https:\/\/lucacastelli.com\/fr\/wp-json\/wp\/v2\/media?parent=609244"}],"wp:term":[{"taxonomy":"product_brand","embeddable":true,"href":"https:\/\/lucacastelli.com\/fr\/wp-json\/wp\/v2\/product_brand?post=609244"},{"taxonomy":"product_cat","embeddable":true,"href":"https:\/\/lucacastelli.com\/fr\/wp-json\/wp\/v2\/product_cat?post=609244"},{"taxonomy":"product_tag","embeddable":true,"href":"https:\/\/lucacastelli.com\/fr\/wp-json\/wp\/v2\/product_tag?post=609244"}],"curies":[{"name":"wp","href":"https:\/\/api.w.org\/{rel}","templated":true}]}}