{"id":609241,"date":"2025-08-10T18:24:09","date_gmt":"2025-08-10T16:24:09","guid":{"rendered":"https:\/\/lucacastelli.com\/prodotto\/milwaukee-cle-a-tube-de-modele-americain-avec-poignee-reglable\/"},"modified":"2025-08-10T18:24:09","modified_gmt":"2025-08-10T16:24:09","slug":"milwaukee-cle-a-tube-de-modele-americain-avec-poignee-reglable","status":"publish","type":"product","link":"https:\/\/lucacastelli.com\/fr\/produit\/milwaukee-cle-a-tube-de-modele-americain-avec-poignee-reglable\/","title":{"rendered":"Milwaukee Cl\u00e9 \u00e0 tube de mod\u00e8le am\u00e9ricain avec poign\u00e9e r\u00e9glable."},"content":{"rendered":"<p>Cheater Alu. Cl\u00e9 \u00e0 tuyauter r\u00e9glable<br \/>\nLevier coulissant r\u00e9glable jusqu&#8217;\u00e0 600 mm;Levier amovible de 250 mm de long pour acc\u00e9der aux espaces restreints;Poids all\u00e9g\u00e9 gr\u00e2ce au corps en aluminium;M\u00e2choire large pour une bonne prise sur les tuyaux et les raccords;Poign\u00e9e ergonomique pour un maximum de confort;M\u00e2choires renforc\u00e9es pour une plus grande long\u00e9vit\u00e9 et une meilleure prise en main. <\/p>\n<p>4932478672<br \/>\n4058546348656<\/p>\n","protected":false},"excerpt":{"rendered":"<p>Cheater Alu. Cl\u00e9 \u00e0 tuyau r\u00e9glable <\/p>\n","protected":false},"featured_media":550525,"template":"","meta":{"_seopress_robots_primary_cat":"","_seopress_titles_title":"","_seopress_titles_desc":"","_seopress_robots_index":""},"product_brand":[3407],"product_cat":[5416,33],"product_tag":[3270],"class_list":{"0":"post-609241","1":"product","2":"type-product","3":"status-publish","4":"has-post-thumbnail","6":"product_brand-milwaukee","7":"product_cat-utensili-per-officina","8":"product_cat-attrezzature","9":"product_tag-import-milwau","10":"sws-conto-ricavi-merci-rivendita-macchinari-fr","11":"sws-gruppo-iva-iva81-fr","13":"first","14":"onbackorder","15":"sale","16":"shipping-taxable","17":"purchasable","18":"product-type-simple"},"_links":{"self":[{"href":"https:\/\/lucacastelli.com\/fr\/wp-json\/wp\/v2\/product\/609241","targetHints":{"allow":["GET"]}}],"collection":[{"href":"https:\/\/lucacastelli.com\/fr\/wp-json\/wp\/v2\/product"}],"about":[{"href":"https:\/\/lucacastelli.com\/fr\/wp-json\/wp\/v2\/types\/product"}],"wp:featuredmedia":[{"embeddable":true,"href":"https:\/\/lucacastelli.com\/fr\/wp-json\/wp\/v2\/media\/550525"}],"wp:attachment":[{"href":"https:\/\/lucacastelli.com\/fr\/wp-json\/wp\/v2\/media?parent=609241"}],"wp:term":[{"taxonomy":"product_brand","embeddable":true,"href":"https:\/\/lucacastelli.com\/fr\/wp-json\/wp\/v2\/product_brand?post=609241"},{"taxonomy":"product_cat","embeddable":true,"href":"https:\/\/lucacastelli.com\/fr\/wp-json\/wp\/v2\/product_cat?post=609241"},{"taxonomy":"product_tag","embeddable":true,"href":"https:\/\/lucacastelli.com\/fr\/wp-json\/wp\/v2\/product_tag?post=609241"}],"curies":[{"name":"wp","href":"https:\/\/api.w.org\/{rel}","templated":true}]}}