{"id":609237,"date":"2025-08-07T14:50:57","date_gmt":"2025-08-07T12:50:57","guid":{"rendered":"https:\/\/lucacastelli.com\/prodotto\/milwaukee-tournevis-isoles-1000v-30\/"},"modified":"2025-08-07T14:50:57","modified_gmt":"2025-08-07T12:50:57","slug":"milwaukee-tournevis-isoles-1000v-30","status":"publish","type":"product","link":"https:\/\/lucacastelli.com\/fr\/produit\/milwaukee-tournevis-isoles-1000v-30\/","title":{"rendered":"Milwaukee Tournevis isol\u00e9s 1000V"},"content":{"rendered":"<p>Tournevis isol\u00e9s 1000V<br \/>\nVIS ISOL\u00c9E T27 x 100<br \/>\nTest\u00e9e jusqu&#8217;\u00e0 10 000V et garantie jusqu&#8217;\u00e0 1.000V;Diam\u00e8tre \u00e9troit pour acc\u00e9der aux applications dans les espaces restreints;Poign\u00e9e confortable \u00e0 3 c\u00f4t\u00e9s optimis\u00e9e pour un confort d&#8217;utilisation maximal et des applications \u00e0 couple \u00e9lev\u00e9;Gravure laser sur le dessus pour une identification rapide du mod\u00e8le;Conception antiroulis \u00e0 3 c\u00f4t\u00e9s pour un meilleur transfert de puissance;Trou pour fixer le tournevis \u00e0 des attaches de s\u00e9curit\u00e9<\/p>\n<p> 4058546528553<\/p>\n","protected":false},"excerpt":{"rendered":"<p>VIS ISOL\u00c9E T27 x 100<\/p>\n","protected":false},"featured_media":593690,"template":"","meta":{"_seopress_robots_primary_cat":"","_seopress_titles_title":"","_seopress_titles_desc":"","_seopress_robots_index":""},"product_brand":[3407],"product_cat":[5416,33],"product_tag":[3270],"class_list":{"0":"post-609237","1":"product","2":"type-product","3":"status-publish","4":"has-post-thumbnail","6":"product_brand-milwaukee","7":"product_cat-utensili-per-officina","8":"product_cat-attrezzature","9":"product_tag-import-milwau","10":"sws-conto-ricavi-merci-rivendita-macchinari-fr","11":"sws-gruppo-iva-iva81-fr","13":"first","14":"onbackorder","15":"shipping-taxable","16":"purchasable","17":"product-type-simple"},"_links":{"self":[{"href":"https:\/\/lucacastelli.com\/fr\/wp-json\/wp\/v2\/product\/609237","targetHints":{"allow":["GET"]}}],"collection":[{"href":"https:\/\/lucacastelli.com\/fr\/wp-json\/wp\/v2\/product"}],"about":[{"href":"https:\/\/lucacastelli.com\/fr\/wp-json\/wp\/v2\/types\/product"}],"wp:featuredmedia":[{"embeddable":true,"href":"https:\/\/lucacastelli.com\/fr\/wp-json\/wp\/v2\/media\/593690"}],"wp:attachment":[{"href":"https:\/\/lucacastelli.com\/fr\/wp-json\/wp\/v2\/media?parent=609237"}],"wp:term":[{"taxonomy":"product_brand","embeddable":true,"href":"https:\/\/lucacastelli.com\/fr\/wp-json\/wp\/v2\/product_brand?post=609237"},{"taxonomy":"product_cat","embeddable":true,"href":"https:\/\/lucacastelli.com\/fr\/wp-json\/wp\/v2\/product_cat?post=609237"},{"taxonomy":"product_tag","embeddable":true,"href":"https:\/\/lucacastelli.com\/fr\/wp-json\/wp\/v2\/product_tag?post=609237"}],"curies":[{"name":"wp","href":"https:\/\/api.w.org\/{rel}","templated":true}]}}