{"id":609127,"date":"2025-08-10T18:24:21","date_gmt":"2025-08-10T16:24:21","guid":{"rendered":"https:\/\/lucacastelli.com\/prodotto\/tournevis-a-douille-creuse-milwaukee-magnetique-4\/"},"modified":"2025-08-10T18:24:21","modified_gmt":"2025-08-10T16:24:21","slug":"tournevis-a-douille-creuse-milwaukee-magnetique-4","status":"publish","type":"product","link":"https:\/\/lucacastelli.com\/fr\/produit\/tournevis-a-douille-creuse-milwaukee-magnetique-4\/","title":{"rendered":"Tournevis \u00e0 douille creuse Milwaukee &#8211; MAGNETIQUE"},"content":{"rendered":"<p>JEU DE 7 TOURNEVIS \u00c0 DOUILLE Hex &#8211; MAG<br \/>\nCl\u00e9 \u00e0 douille avec trou de passage &#8211; id\u00e9ale pour les boulons longs et les tiges filet\u00e9es;Douille hexagonale pour une prise id\u00e9ale sur tous les raccords viss\u00e9s courants;T\u00eate de travail magn\u00e9tique pour un maintien s\u00fbr dans les fixations;Lame avec tige hexagonale pour une insertion facile d&#8217;une cl\u00e9 \u00e0 cliquet;Poign\u00e9e \u00e0 trois lobes pour un grand confort d&#8217;utilisation;Codage couleur et marquage de taille sur l&#8217;extr\u00e9mit\u00e9 de la poign\u00e9e pour une distinction ais\u00e9e. <\/p>\n<p>4932479891<br \/>\n4058546376857<\/p>\n","protected":false},"excerpt":{"rendered":"<p>SET 7 PCS TOURNEVIS BUS. Hex &#8211; MAG <\/p>\n","protected":false},"featured_media":544964,"template":"","meta":{"_seopress_robots_primary_cat":"","_seopress_titles_title":"","_seopress_titles_desc":"","_seopress_robots_index":""},"product_brand":[3407],"product_cat":[5416,33],"product_tag":[3270],"class_list":{"0":"post-609127","1":"product","2":"type-product","3":"status-publish","4":"has-post-thumbnail","6":"product_brand-milwaukee","7":"product_cat-utensili-per-officina","8":"product_cat-attrezzature","9":"product_tag-import-milwau","10":"sws-conto-ricavi-merci-rivendita-macchinari-fr","11":"sws-gruppo-iva-iva81-fr","13":"first","14":"onbackorder","15":"sale","16":"shipping-taxable","17":"purchasable","18":"product-type-simple"},"_links":{"self":[{"href":"https:\/\/lucacastelli.com\/fr\/wp-json\/wp\/v2\/product\/609127","targetHints":{"allow":["GET"]}}],"collection":[{"href":"https:\/\/lucacastelli.com\/fr\/wp-json\/wp\/v2\/product"}],"about":[{"href":"https:\/\/lucacastelli.com\/fr\/wp-json\/wp\/v2\/types\/product"}],"wp:featuredmedia":[{"embeddable":true,"href":"https:\/\/lucacastelli.com\/fr\/wp-json\/wp\/v2\/media\/544964"}],"wp:attachment":[{"href":"https:\/\/lucacastelli.com\/fr\/wp-json\/wp\/v2\/media?parent=609127"}],"wp:term":[{"taxonomy":"product_brand","embeddable":true,"href":"https:\/\/lucacastelli.com\/fr\/wp-json\/wp\/v2\/product_brand?post=609127"},{"taxonomy":"product_cat","embeddable":true,"href":"https:\/\/lucacastelli.com\/fr\/wp-json\/wp\/v2\/product_cat?post=609127"},{"taxonomy":"product_tag","embeddable":true,"href":"https:\/\/lucacastelli.com\/fr\/wp-json\/wp\/v2\/product_tag?post=609127"}],"curies":[{"name":"wp","href":"https:\/\/api.w.org\/{rel}","templated":true}]}}