{"id":609126,"date":"2025-08-10T18:24:19","date_gmt":"2025-08-10T16:24:19","guid":{"rendered":"https:\/\/lucacastelli.com\/prodotto\/milwaukee-tournevis-de-precision-2\/"},"modified":"2025-08-10T18:24:19","modified_gmt":"2025-08-10T16:24:19","slug":"milwaukee-tournevis-de-precision-2","status":"publish","type":"product","link":"https:\/\/lucacastelli.com\/fr\/produit\/milwaukee-tournevis-de-precision-2\/","title":{"rendered":"Milwaukee Tournevis de pr\u00e9cision"},"content":{"rendered":"<p>S\u00c9RIE DE COUPLEURS DE PR\u00c9CISION &#8211; 6 PZ<br \/>\nNoyau m\u00e9tallique pour une durabilit\u00e9 accrue;Capuchon pivotant \u00e0 360\u00b0;Les tiges chrom\u00e9es augmentent la dur\u00e9e de vie de l&#8217;outil en r\u00e9duisant la corrosion;Bo\u00eetier robuste \u00e0 charni\u00e8re;Tiges plus longues pour une meilleure visibilit\u00e9<\/p>\n<p>4932471869<br \/>\n4058546297688<\/p>\n","protected":false},"excerpt":{"rendered":"<p>JEU DE TOURNEVIS DE PR\u00c9CISION &#8211; 6 PCS.<\/p>\n","protected":false},"featured_media":538122,"template":"","meta":{"_seopress_robots_primary_cat":"","_seopress_titles_title":"","_seopress_titles_desc":"","_seopress_robots_index":""},"product_brand":[3407],"product_cat":[5416,33],"product_tag":[3270],"class_list":{"0":"post-609126","1":"product","2":"type-product","3":"status-publish","4":"has-post-thumbnail","6":"product_brand-milwaukee","7":"product_cat-utensili-per-officina","8":"product_cat-attrezzature","9":"product_tag-import-milwau","10":"sws-conto-ricavi-merci-rivendita-macchinari-fr","11":"sws-gruppo-iva-iva81-fr","13":"first","14":"onbackorder","15":"sale","16":"shipping-taxable","17":"purchasable","18":"product-type-simple"},"_links":{"self":[{"href":"https:\/\/lucacastelli.com\/fr\/wp-json\/wp\/v2\/product\/609126","targetHints":{"allow":["GET"]}}],"collection":[{"href":"https:\/\/lucacastelli.com\/fr\/wp-json\/wp\/v2\/product"}],"about":[{"href":"https:\/\/lucacastelli.com\/fr\/wp-json\/wp\/v2\/types\/product"}],"wp:featuredmedia":[{"embeddable":true,"href":"https:\/\/lucacastelli.com\/fr\/wp-json\/wp\/v2\/media\/538122"}],"wp:attachment":[{"href":"https:\/\/lucacastelli.com\/fr\/wp-json\/wp\/v2\/media?parent=609126"}],"wp:term":[{"taxonomy":"product_brand","embeddable":true,"href":"https:\/\/lucacastelli.com\/fr\/wp-json\/wp\/v2\/product_brand?post=609126"},{"taxonomy":"product_cat","embeddable":true,"href":"https:\/\/lucacastelli.com\/fr\/wp-json\/wp\/v2\/product_cat?post=609126"},{"taxonomy":"product_tag","embeddable":true,"href":"https:\/\/lucacastelli.com\/fr\/wp-json\/wp\/v2\/product_tag?post=609126"}],"curies":[{"name":"wp","href":"https:\/\/api.w.org\/{rel}","templated":true}]}}