{"id":609103,"date":"2025-08-10T18:24:13","date_gmt":"2025-08-10T16:24:13","guid":{"rendered":"https:\/\/lucacastelli.com\/prodotto\/milwaukee-tournevis-a-battre\/"},"modified":"2025-08-10T18:24:13","modified_gmt":"2025-08-10T16:24:13","slug":"milwaukee-tournevis-a-battre","status":"publish","type":"product","link":"https:\/\/lucacastelli.com\/fr\/produit\/milwaukee-tournevis-a-battre\/","title":{"rendered":"Milwaukee Tournevis \u00e0 battre"},"content":{"rendered":"<p>SERIE DE VIS \u00c0 BATTERIE &#8211; 2 PZ<br \/>\nCouvercle sup\u00e9rieur en m\u00e9tal, pr\u00eat \u00e0 l&#8217;emploi;Noyau en m\u00e9tal;Tige hexagonale;Poign\u00e9e confortable<\/p>\n<p>4932471872<br \/>\n4058546297718<\/p>\n","protected":false},"excerpt":{"rendered":"<p>JEU DE TOURNEVIS &#8211; 2 PI\u00c8CES<\/p>\n","protected":false},"featured_media":538180,"template":"","meta":{"_seopress_robots_primary_cat":"","_seopress_titles_title":"","_seopress_titles_desc":"","_seopress_robots_index":""},"product_brand":[3407],"product_cat":[5416,33],"product_tag":[3270],"class_list":{"0":"post-609103","1":"product","2":"type-product","3":"status-publish","4":"has-post-thumbnail","6":"product_brand-milwaukee","7":"product_cat-utensili-per-officina","8":"product_cat-attrezzature","9":"product_tag-import-milwau","10":"sws-conto-ricavi-merci-rivendita-macchinari-fr","11":"sws-gruppo-iva-iva81-fr","13":"first","14":"onbackorder","15":"sale","16":"shipping-taxable","17":"purchasable","18":"product-type-simple"},"_links":{"self":[{"href":"https:\/\/lucacastelli.com\/fr\/wp-json\/wp\/v2\/product\/609103","targetHints":{"allow":["GET"]}}],"collection":[{"href":"https:\/\/lucacastelli.com\/fr\/wp-json\/wp\/v2\/product"}],"about":[{"href":"https:\/\/lucacastelli.com\/fr\/wp-json\/wp\/v2\/types\/product"}],"wp:featuredmedia":[{"embeddable":true,"href":"https:\/\/lucacastelli.com\/fr\/wp-json\/wp\/v2\/media\/538180"}],"wp:attachment":[{"href":"https:\/\/lucacastelli.com\/fr\/wp-json\/wp\/v2\/media?parent=609103"}],"wp:term":[{"taxonomy":"product_brand","embeddable":true,"href":"https:\/\/lucacastelli.com\/fr\/wp-json\/wp\/v2\/product_brand?post=609103"},{"taxonomy":"product_cat","embeddable":true,"href":"https:\/\/lucacastelli.com\/fr\/wp-json\/wp\/v2\/product_cat?post=609103"},{"taxonomy":"product_tag","embeddable":true,"href":"https:\/\/lucacastelli.com\/fr\/wp-json\/wp\/v2\/product_tag?post=609103"}],"curies":[{"name":"wp","href":"https:\/\/api.w.org\/{rel}","templated":true}]}}