{"id":609097,"date":"2025-08-08T18:34:23","date_gmt":"2025-08-08T16:34:23","guid":{"rendered":"https:\/\/lucacastelli.com\/prodotto\/milwaukee-jeu-de-tournevis-a-forme-souple\/"},"modified":"2025-08-08T18:34:23","modified_gmt":"2025-08-08T16:34:23","slug":"milwaukee-jeu-de-tournevis-a-forme-souple","status":"publish","type":"product","link":"https:\/\/lucacastelli.com\/fr\/produit\/milwaukee-jeu-de-tournevis-a-forme-souple\/","title":{"rendered":"Milwaukee Jeu de tournevis \u00e0 forme souple"},"content":{"rendered":"<p>TORX SCREW SET No. 1 MELLOW MODULE<br \/>\nPoign\u00e9e extr\u00eamement maniable qui permet \u00e0 l&#8217;utilisateur de l&#8217;utiliser confortablement et rapidement pendant les applications;Pointe en mat\u00e9riau magn\u00e9tique extr\u00eamement r\u00e9sistante;Lame hexagonale permettant d&#8217;utiliser la cl\u00e9 pour exercer un plus grand effet de levier;Poign\u00e9e \u00e0 trois c\u00f4t\u00e9s pour \u00e9viter que le tournevis ne glisse entre les mains<\/p>\n<p>4932492391<\/p>\n","protected":false},"excerpt":{"rendered":"<p>JEU DE TOURNEVIS TORX N\u00b0 1 MODULE SOUPLE<\/p>\n","protected":false},"featured_media":556254,"template":"","meta":{"_seopress_robots_primary_cat":"","_seopress_titles_title":"","_seopress_titles_desc":"","_seopress_robots_index":""},"product_brand":[3407],"product_cat":[5416,33],"product_tag":[3270],"class_list":{"0":"post-609097","1":"product","2":"type-product","3":"status-publish","4":"has-post-thumbnail","6":"product_brand-milwaukee","7":"product_cat-utensili-per-officina","8":"product_cat-attrezzature","9":"product_tag-import-milwau","10":"sws-conto-ricavi-merci-rivendita-macchinari-fr","11":"sws-gruppo-iva-iva81-fr","13":"first","14":"onbackorder","15":"sale","16":"shipping-taxable","17":"purchasable","18":"product-type-simple"},"_links":{"self":[{"href":"https:\/\/lucacastelli.com\/fr\/wp-json\/wp\/v2\/product\/609097","targetHints":{"allow":["GET"]}}],"collection":[{"href":"https:\/\/lucacastelli.com\/fr\/wp-json\/wp\/v2\/product"}],"about":[{"href":"https:\/\/lucacastelli.com\/fr\/wp-json\/wp\/v2\/types\/product"}],"wp:featuredmedia":[{"embeddable":true,"href":"https:\/\/lucacastelli.com\/fr\/wp-json\/wp\/v2\/media\/556254"}],"wp:attachment":[{"href":"https:\/\/lucacastelli.com\/fr\/wp-json\/wp\/v2\/media?parent=609097"}],"wp:term":[{"taxonomy":"product_brand","embeddable":true,"href":"https:\/\/lucacastelli.com\/fr\/wp-json\/wp\/v2\/product_brand?post=609097"},{"taxonomy":"product_cat","embeddable":true,"href":"https:\/\/lucacastelli.com\/fr\/wp-json\/wp\/v2\/product_cat?post=609097"},{"taxonomy":"product_tag","embeddable":true,"href":"https:\/\/lucacastelli.com\/fr\/wp-json\/wp\/v2\/product_tag?post=609097"}],"curies":[{"name":"wp","href":"https:\/\/api.w.org\/{rel}","templated":true}]}}