{"id":609011,"date":"2025-08-10T18:24:08","date_gmt":"2025-08-10T16:24:08","guid":{"rendered":"https:\/\/lucacastelli.com\/prodotto\/cle-a-tuyau-a-bouche-s-de-milwaukee\/"},"modified":"2025-08-14T11:18:50","modified_gmt":"2025-08-14T09:18:50","slug":"cle-a-tuyau-a-bouche-s-de-milwaukee","status":"publish","type":"product","link":"https:\/\/lucacastelli.com\/fr\/produit\/cle-a-tuyau-a-bouche-s-de-milwaukee\/","title":{"rendered":"Cl\u00e9 \u00e0 tube &#8221;S&#8221; de Milwaukee"},"content":{"rendered":"<p>TOURS EN S 550mm<br \/>\nFabriqu\u00e9 en acier au chrome vanadium avec trempe selon la norme DIN 5234;Conception mince avec des m\u00e2choires en S inclin\u00e9es \u00e0 45\u00b0 pour une meilleure utilisation dans les espaces restreints;M\u00e2choires asym\u00e9triques pour une prise en main maximale;Poign\u00e9e pour un maximum de confort<\/p>\n<p>4932464578<br \/>\n4058546225230.<\/p>\n","protected":false},"excerpt":{"rendered":"<p>Cl\u00e9 \u00e0 tube 550mm<\/p>\n","protected":false},"featured_media":529480,"template":"","meta":{"_seopress_robots_primary_cat":"","_seopress_titles_title":"","_seopress_titles_desc":"","_seopress_robots_index":""},"product_brand":[3407],"product_cat":[5416,33],"product_tag":[3270],"class_list":{"0":"post-609011","1":"product","2":"type-product","3":"status-publish","4":"has-post-thumbnail","6":"product_brand-milwaukee","7":"product_cat-utensili-per-officina","8":"product_cat-attrezzature","9":"product_tag-import-milwau","10":"sws-conto-ricavi-merci-rivendita-macchinari-fr","11":"sws-gruppo-iva-iva81-fr","13":"first","14":"onbackorder","15":"sale","16":"shipping-taxable","17":"purchasable","18":"product-type-simple"},"_links":{"self":[{"href":"https:\/\/lucacastelli.com\/fr\/wp-json\/wp\/v2\/product\/609011","targetHints":{"allow":["GET"]}}],"collection":[{"href":"https:\/\/lucacastelli.com\/fr\/wp-json\/wp\/v2\/product"}],"about":[{"href":"https:\/\/lucacastelli.com\/fr\/wp-json\/wp\/v2\/types\/product"}],"wp:featuredmedia":[{"embeddable":true,"href":"https:\/\/lucacastelli.com\/fr\/wp-json\/wp\/v2\/media\/529480"}],"wp:attachment":[{"href":"https:\/\/lucacastelli.com\/fr\/wp-json\/wp\/v2\/media?parent=609011"}],"wp:term":[{"taxonomy":"product_brand","embeddable":true,"href":"https:\/\/lucacastelli.com\/fr\/wp-json\/wp\/v2\/product_brand?post=609011"},{"taxonomy":"product_cat","embeddable":true,"href":"https:\/\/lucacastelli.com\/fr\/wp-json\/wp\/v2\/product_cat?post=609011"},{"taxonomy":"product_tag","embeddable":true,"href":"https:\/\/lucacastelli.com\/fr\/wp-json\/wp\/v2\/product_tag?post=609011"}],"curies":[{"name":"wp","href":"https:\/\/api.w.org\/{rel}","templated":true}]}}