{"id":608999,"date":"2025-08-14T07:28:20","date_gmt":"2025-08-14T05:28:20","guid":{"rendered":"https:\/\/lucacastelli.com\/prodotto\/protos-protections-auditives-integrales-argovie\/"},"modified":"2025-09-03T00:01:15","modified_gmt":"2025-09-02T22:01:15","slug":"protos-protections-auditives-integrales-argovie","status":"publish","type":"product","link":"https:\/\/lucacastelli.com\/fr\/produit\/protos-protections-auditives-integrales-argovie\/","title":{"rendered":"Casque antibruit Protos\u00ae INTEGRAL &#8211; Argovie"},"content":{"rendered":"<p>La protection auditive brevet\u00e9e de Protos\u00ae Integral offre une r\u00e9duction du bruit de SNR=27 dB, garantissant ainsi un niveau de s\u00e9curit\u00e9. Gr\u00e2ce \u00e0 la conformit\u00e9 \u00e0 la norme EN 352-3, la protection auditive est indispensable pour tous les travaux dont le bruit est g\u00eanant ou nocif pour la sant\u00e9. Si la protection auditive n&#8217;est pas n\u00e9cessaire, elle peut \u00eatre facilement d\u00e9plac\u00e9e de la position active \u00e0 la position passive avec deux doigts. La protection auditive peut \u00eatre facilement attach\u00e9e et d\u00e9tach\u00e9e avec trois doigts.<br \/>\n-Valeur d&#8217;isolation acoustique : SNR=27 dB (H=34dB, M=24dB, L=17dB)<br \/>\nAutres designs sur demande<br \/>\nD\u00e9lai de livraison jusqu&#8217;\u00e0 6 semaines.   <\/p>\n","protected":false},"excerpt":{"rendered":"<p>La protection auditive brevet\u00e9e de Protos\u00ae Integral offre une r\u00e9duction du bruit de SNR=27 dB, garantissant ainsi un niveau de<\/p>\n","protected":false},"featured_media":608479,"template":"","meta":{"_seopress_robots_primary_cat":"none","_seopress_titles_title":"","_seopress_titles_desc":"","_seopress_robots_index":""},"product_brand":[3669,4722],"product_cat":[1405,144,1397],"product_tag":[],"class_list":{"0":"post-608999","1":"product","2":"type-product","3":"status-publish","4":"has-post-thumbnail","6":"product_brand-pfanner-fr","7":"product_brand-protos-fr","8":"product_cat-casques","9":"product_cat-equipement","10":"product_cat-equipement-de-travail","11":"sws-gruppo-no-gruppo","12":"sws-categoria-sito","13":"sws-conto-ricavi-merci-rivendita-abbigliamento","14":"sws-gruppo-iva-iva81","16":"first","17":"instock","18":"shipping-taxable","19":"purchasable","20":"product-type-simple"},"_links":{"self":[{"href":"https:\/\/lucacastelli.com\/fr\/wp-json\/wp\/v2\/product\/608999","targetHints":{"allow":["GET"]}}],"collection":[{"href":"https:\/\/lucacastelli.com\/fr\/wp-json\/wp\/v2\/product"}],"about":[{"href":"https:\/\/lucacastelli.com\/fr\/wp-json\/wp\/v2\/types\/product"}],"wp:featuredmedia":[{"embeddable":true,"href":"https:\/\/lucacastelli.com\/fr\/wp-json\/wp\/v2\/media\/608479"}],"wp:attachment":[{"href":"https:\/\/lucacastelli.com\/fr\/wp-json\/wp\/v2\/media?parent=608999"}],"wp:term":[{"taxonomy":"product_brand","embeddable":true,"href":"https:\/\/lucacastelli.com\/fr\/wp-json\/wp\/v2\/product_brand?post=608999"},{"taxonomy":"product_cat","embeddable":true,"href":"https:\/\/lucacastelli.com\/fr\/wp-json\/wp\/v2\/product_cat?post=608999"},{"taxonomy":"product_tag","embeddable":true,"href":"https:\/\/lucacastelli.com\/fr\/wp-json\/wp\/v2\/product_tag?post=608999"}],"curies":[{"name":"wp","href":"https:\/\/api.w.org\/{rel}","templated":true}]}}