{"id":608778,"date":"2025-08-13T20:54:49","date_gmt":"2025-08-13T18:54:49","guid":{"rendered":"https:\/\/lucacastelli.com\/prodotto\/protection-auditive-protos-13\/"},"modified":"2026-04-15T10:17:43","modified_gmt":"2026-04-15T08:17:43","slug":"protection-auditive-protos-13-2","status":"publish","type":"product","link":"https:\/\/lucacastelli.com\/fr\/produit\/protection-auditive-protos-13-2\/","title":{"rendered":"Protos\u00ae casque antibruit"},"content":{"rendered":"<p>La protection auditive brevet\u00e9e de Protos\u00ae Integral offre une r\u00e9duction du bruit de SNR=27 dB, garantissant ainsi un niveau de s\u00e9curit\u00e9. Gr\u00e2ce \u00e0 la conformit\u00e9 \u00e0 la norme EN 352-3, la protection auditive est indispensable pour tous les travaux avec des bruits g\u00eanants ou nocifs pour la sant\u00e9. Si la protection auditive n\u2019est pas n\u00e9cessaire, elle peut \u00eatre facilement d\u00e9plac\u00e9e de la position active \u00e0 la position passive avec deux doigts. La protection auditive peut \u00eatre clips\u00e9e et d\u00e9clips\u00e9e avec une extr\u00eame facilit\u00e9.<\/p>\n<p>Mat\u00e9riau : 50 % ABS 50 % polyamide<br \/>\nPoids : 215 g<br \/>\nConditionnement : par paire<br \/>\nIndice d\u2019isolation acoustique : SNR=27 dB (H=34dB, M=24dB, L=17dB)<br \/>\nNormes : EN 352-3<\/p>\n","protected":false},"excerpt":{"rendered":"<p>La protection auditive brevet\u00e9e de Protos\u00ae Integral offre une r\u00e9duction du bruit de SNR=27 dB, garantissant ainsi un niveau de<\/p>\n","protected":false},"featured_media":607956,"template":"","meta":{"_seopress_robots_primary_cat":"none","_seopress_titles_title":"","_seopress_titles_desc":"","_seopress_robots_index":""},"product_brand":[3669,4722],"product_cat":[144,1397,1405],"product_tag":[],"class_list":{"0":"post-608778","1":"product","2":"type-product","3":"status-publish","4":"has-post-thumbnail","6":"product_brand-pfanner-fr","7":"product_brand-protos-fr","8":"product_cat-equipement","9":"product_cat-equipement-de-travail","10":"product_cat-casques","11":"sws-gruppo-no-gruppo-fr","12":"sws-categoria-sito-fr","13":"sws-conto-ricavi-merci-rivendita-abbigliamento-fr","14":"sws-gruppo-iva-iva81-fr","16":"first","17":"instock","18":"shipping-taxable","19":"purchasable","20":"product-type-variable","21":"has-default-attributes"},"_links":{"self":[{"href":"https:\/\/lucacastelli.com\/fr\/wp-json\/wp\/v2\/product\/608778","targetHints":{"allow":["GET"]}}],"collection":[{"href":"https:\/\/lucacastelli.com\/fr\/wp-json\/wp\/v2\/product"}],"about":[{"href":"https:\/\/lucacastelli.com\/fr\/wp-json\/wp\/v2\/types\/product"}],"wp:featuredmedia":[{"embeddable":true,"href":"https:\/\/lucacastelli.com\/fr\/wp-json\/wp\/v2\/media\/607956"}],"wp:attachment":[{"href":"https:\/\/lucacastelli.com\/fr\/wp-json\/wp\/v2\/media?parent=608778"}],"wp:term":[{"taxonomy":"product_brand","embeddable":true,"href":"https:\/\/lucacastelli.com\/fr\/wp-json\/wp\/v2\/product_brand?post=608778"},{"taxonomy":"product_cat","embeddable":true,"href":"https:\/\/lucacastelli.com\/fr\/wp-json\/wp\/v2\/product_cat?post=608778"},{"taxonomy":"product_tag","embeddable":true,"href":"https:\/\/lucacastelli.com\/fr\/wp-json\/wp\/v2\/product_tag?post=608778"}],"curies":[{"name":"wp","href":"https:\/\/api.w.org\/{rel}","templated":true}]}}