{"id":608386,"date":"2025-08-13T20:11:08","date_gmt":"2025-08-13T18:11:08","guid":{"rendered":"https:\/\/lucacastelli.com\/prodotto\/grimpeur-protos-21\/"},"modified":"2026-04-15T18:04:42","modified_gmt":"2026-04-15T16:04:42","slug":"grimpeur-protos-21","status":"publish","type":"product","link":"https:\/\/lucacastelli.com\/fr\/produit\/grimpeur-protos-21\/","title":{"rendered":"Protos\u00ae Climber"},"content":{"rendered":"<p>Si la norme prescrit une protection de la t\u00eate conforme \u00e0 la norme EN 12492, le Protos\u00ae Integral Climber est le choix id\u00e9al. Il convient \u00e9galement au secours technique en cas d\u2019accident et au secours en hauteur. Gr\u00e2ce \u00e0 son principe modulaire, le Protos\u00ae Integral Climber peut \u00e9galement \u00eatre \u00e9quip\u00e9 pour d\u2019autres utilisations. La coque de nuque profonde du Protos\u00ae Integral emp\u00eache tout glissement, m\u00eame lors de travaux au-dessus de la t\u00eate.<br \/>\nLe Protos\u00ae Integral Climber est \u00e9quip\u00e9 d\u2019une mentonni\u00e8re et d\u2019un CrashAbsorber. Gr\u00e2ce \u00e0 cette version, il r\u00e9pond \u00e9galement \u00e0 la norme EN 12492 et s\u2019av\u00e8re donc parfait comme protection de la t\u00eate pour l\u2019escalade et le cyclisme. En termes de confort, le Protos\u00ae Integral Climber est identique au Protos\u00ae Integral Industry et ne pr\u00e9sente aucun poids suppl\u00e9mentaire perceptible. Le Protos\u00ae peut \u00eatre \u00e9quip\u00e9 \u00e0 tout moment d\u2019accessoires d\u2019origine.<br \/>\nS\u00e9curit\u00e9 et confort<br \/>\nTous les avantages du syst\u00e8me Stern pour le Protos Integral s\u2019appliquent \u00e9galement au Climber. L\u2019innovante structure interne dot\u00e9e de la technologie Klima-Air offre notamment une valeur ajout\u00e9e imbattable pour l\u2019utilisateur. La ventilation active et le maintien parfait sur la t\u00eate rendent le travail quotidien plus agr\u00e9able.        <\/p>\n<p>Mat\u00e9riau : 50 % ABS, 50 % polyamide<br \/>\nPoids : 0,685 kg<br \/>\nTaille : taille unique r\u00e9glable par fermeture de nuque brevet\u00e9e<br \/>\nStandard : tour de t\u00eate 54\u201362 cm<br \/>\nTaille extra : tour de t\u00eate : 56\u201364 cm (disponible sur demande)<br \/>\nNormes : EN 397, EN 1078, EN 1077 B, EN 12492, ANSI Z89.1<\/p>\n","protected":false},"excerpt":{"rendered":"<p>Si la norme prescrit une protection de la t\u00eate conforme \u00e0 la norme EN 12492, le Protos\u00ae Integral Climber est<\/p>\n","protected":false},"featured_media":607700,"template":"","meta":{"_seopress_robots_primary_cat":"none","_seopress_titles_title":"","_seopress_titles_desc":"","_seopress_robots_index":""},"product_brand":[3458,4381],"product_cat":[33,537,815],"product_tag":[],"class_list":{"0":"post-608386","1":"product","2":"type-product","3":"status-publish","4":"has-post-thumbnail","6":"product_brand-pfanner","7":"product_brand-protos","8":"product_cat-attrezzature","9":"product_cat-attrezzatura-da-lavoro","10":"product_cat-caschi","11":"sws-gruppo-no-gruppo-fr","12":"sws-conto-ricavi-merci-rivendita-abbigliamento-fr","13":"sws-gruppo-iva-iva81-fr","15":"first","16":"instock","17":"shipping-taxable","18":"purchasable","19":"product-type-variable","20":"has-default-attributes"},"_links":{"self":[{"href":"https:\/\/lucacastelli.com\/fr\/wp-json\/wp\/v2\/product\/608386","targetHints":{"allow":["GET"]}}],"collection":[{"href":"https:\/\/lucacastelli.com\/fr\/wp-json\/wp\/v2\/product"}],"about":[{"href":"https:\/\/lucacastelli.com\/fr\/wp-json\/wp\/v2\/types\/product"}],"wp:featuredmedia":[{"embeddable":true,"href":"https:\/\/lucacastelli.com\/fr\/wp-json\/wp\/v2\/media\/607700"}],"wp:attachment":[{"href":"https:\/\/lucacastelli.com\/fr\/wp-json\/wp\/v2\/media?parent=608386"}],"wp:term":[{"taxonomy":"product_brand","embeddable":true,"href":"https:\/\/lucacastelli.com\/fr\/wp-json\/wp\/v2\/product_brand?post=608386"},{"taxonomy":"product_cat","embeddable":true,"href":"https:\/\/lucacastelli.com\/fr\/wp-json\/wp\/v2\/product_cat?post=608386"},{"taxonomy":"product_tag","embeddable":true,"href":"https:\/\/lucacastelli.com\/fr\/wp-json\/wp\/v2\/product_tag?post=608386"}],"curies":[{"name":"wp","href":"https:\/\/api.w.org\/{rel}","templated":true}]}}