{"id":608374,"date":"2025-08-13T20:11:04","date_gmt":"2025-08-13T18:11:04","guid":{"rendered":"https:\/\/lucacastelli.com\/prodotto\/grimpeur-protos-20\/"},"modified":"2026-03-23T10:28:41","modified_gmt":"2026-03-23T09:28:41","slug":"grimpeur-protos-20","status":"publish","type":"product","link":"https:\/\/lucacastelli.com\/fr\/produit\/grimpeur-protos-20\/","title":{"rendered":"Grimpeur Protos"},"content":{"rendered":"<p>Si la norme prescrit une protection de la t\u00eate conforme \u00e0 la norme EN 12492, le grimpeur int\u00e9gral Protos\u00ae est le choix id\u00e9al. Il convient \u00e9galement au sauvetage technique en cas d&#8217;accident et au sauvetage en hauteur. Gr\u00e2ce \u00e0 son principe modulaire, le grimpeur int\u00e9gral Protos\u00ae peut \u00e9galement \u00eatre \u00e9quip\u00e9 pour d&#8217;autres utilisations. La coque profonde du Protos\u00ae Integral emp\u00eache de glisser, m\u00eame lors de travaux en hauteur.<br \/>\nLe grimpeur Protos\u00ae Integral est \u00e9quip\u00e9 d&#8217;une mentonni\u00e8re et d&#8217;un absorbeur de chocs (CrashAbsorber). Gr\u00e2ce \u00e0 cette version, il r\u00e9pond \u00e9galement \u00e0 la norme EN 12492 et est donc parfait comme protection de la t\u00eate pendant l&#8217;escalade et le cyclisme. En termes de confort, le Protos\u00ae Integral Climber est identique au Protos\u00ae Integral Industry et n&#8217;a pas de poids suppl\u00e9mentaire perceptible. Le Protos\u00ae peut \u00eatre \u00e9quip\u00e9 \u00e0 tout moment d&#8217;accessoires originaux.<br \/>\nS\u00e9curit\u00e9 et confort<br \/>\nTous les avantages du syst\u00e8me Stern pour le Protos Integral s&#8217;appliquent \u00e9galement au grimpeur. Avant tout, la structure int\u00e9rieure innovante avec la technologie Klima-Air offre une valeur ajout\u00e9e imbattable pour le porteur. Une ventilation active et un ajustement parfait sur la t\u00eate rendent le quotidien professionnel plus agr\u00e9able.        <\/p>\n<p>Mat\u00e9riau : 50 % ABS, 50 % polyamide<br \/>\nPoids : 0,685 kg<br \/>\nTaille : taille unique r\u00e9glable gr\u00e2ce \u00e0 la fermeture brevet\u00e9e du cou<br \/>\nStandard : tour de t\u00eate 54-62 cm<br \/>\nExtra size : tour de t\u00eate : 56-64 cm (disponible sur demande)<br \/>\nNormes : EN 397, EN 1078, EN 1077 B, EN 12492, ANSI Z89.1<\/p>\n","protected":false},"excerpt":{"rendered":"<p>Si la norme prescrit une protection de la t\u00eate conforme \u00e0 la norme EN 12492, le grimpeur int\u00e9gral Protos\u00ae est<\/p>\n","protected":false},"featured_media":607704,"template":"","meta":{"_seopress_robots_primary_cat":"none","_seopress_titles_title":"","_seopress_titles_desc":"","_seopress_robots_index":""},"product_brand":[3458,4381],"product_cat":[33,537,815],"product_tag":[],"class_list":{"0":"post-608374","1":"product","2":"type-product","3":"status-publish","4":"has-post-thumbnail","6":"product_brand-pfanner","7":"product_brand-protos","8":"product_cat-attrezzature","9":"product_cat-attrezzatura-da-lavoro","10":"product_cat-caschi","11":"sws-gruppo-no-gruppo","12":"sws-conto-ricavi-merci-rivendita-abbigliamento","13":"sws-gruppo-iva-iva81","15":"first","16":"instock","17":"shipping-taxable","18":"purchasable","19":"product-type-variable","20":"has-default-attributes"},"_links":{"self":[{"href":"https:\/\/lucacastelli.com\/fr\/wp-json\/wp\/v2\/product\/608374","targetHints":{"allow":["GET"]}}],"collection":[{"href":"https:\/\/lucacastelli.com\/fr\/wp-json\/wp\/v2\/product"}],"about":[{"href":"https:\/\/lucacastelli.com\/fr\/wp-json\/wp\/v2\/types\/product"}],"wp:featuredmedia":[{"embeddable":true,"href":"https:\/\/lucacastelli.com\/fr\/wp-json\/wp\/v2\/media\/607704"}],"wp:attachment":[{"href":"https:\/\/lucacastelli.com\/fr\/wp-json\/wp\/v2\/media?parent=608374"}],"wp:term":[{"taxonomy":"product_brand","embeddable":true,"href":"https:\/\/lucacastelli.com\/fr\/wp-json\/wp\/v2\/product_brand?post=608374"},{"taxonomy":"product_cat","embeddable":true,"href":"https:\/\/lucacastelli.com\/fr\/wp-json\/wp\/v2\/product_cat?post=608374"},{"taxonomy":"product_tag","embeddable":true,"href":"https:\/\/lucacastelli.com\/fr\/wp-json\/wp\/v2\/product_tag?post=608374"}],"curies":[{"name":"wp","href":"https:\/\/api.w.org\/{rel}","templated":true}]}}