{"id":608253,"date":"2025-08-10T16:33:54","date_gmt":"2025-08-10T14:33:54","guid":{"rendered":"https:\/\/lucacastelli.com\/prodotto\/banc-de-scie-milwaukee\/"},"modified":"2026-03-02T16:16:08","modified_gmt":"2026-03-02T15:16:08","slug":"banc-de-scie-milwaukee","status":"publish","type":"product","link":"https:\/\/lucacastelli.com\/fr\/produit\/banc-de-scie-milwaukee\/","title":{"rendered":"Banc de scie Milwaukee"},"content":{"rendered":"<p>M18 FTS210-121B \/ SCIES SUR TABLE<br \/>\nLa scie sur table M18 FUEL\u2122 ONE-KEY\u2122 fournit la puissance n\u00e9cessaire pour couper \u00e0 la m\u00eame vitesse que le mod\u00e8le filaire \u00e9quivalent. Avec l&#8217;autonomie suffisante pour couper jusqu&#8217;\u00e0 190 m d&#8217;OSB de 19 mm d&#8217;\u00e9paisseur avec une batterie 18 V de 12,0 Ah;Syst\u00e8me HIGH OUTPUT\u2122, \u00e9l\u00e8ve les performances et l&#8217;autonomie de la technologie M18 FUEL\u2122;Syst\u00e8me \u00e0 pignon et cr\u00e9maill\u00e8re du guide, pour un alignement rapide et pr\u00e9cis, offrant 622 mm de capacit\u00e9 de coupe maximale;La lame de 210 mm permet une profondeur de coupe de 63 mm \u00e0 90 degr\u00e9s;Le syst\u00e8me ONE-KEY\u2122 Tracking &amp; Security offre gratuitement un service de tra\u00e7abilit\u00e9 et de gestion d&#8217;inventaire bas\u00e9 sur le cloud, disposant \u00e9galement de fonctionnalit\u00e9s de verrouillage \u00e0 distance;Carter de s\u00e9curit\u00e9 et couteau diviseur ajustable sans utilisation de cl\u00e9s;Poign\u00e9e de transport int\u00e9gr\u00e9e;Tous les outils n\u00e9cessaires \u00e0 l&#8217;utilisation peuvent \u00eatre rang\u00e9s sur l&#8217;outil et transport\u00e9s facilement avec celui-ci;Adapt\u00e9 pour l&#8217;utilisation avec tous les aspirateurs MILWAUKEE\u00ae;Fonctionne avec toutes les batteries M18\u2122 MILWAUKEE\u00ae;Raccord pour l&#8217;extraction des poussi\u00e8res directement sur l&#8217;outil <\/p>\n<p>4933499179<br \/>\n4058546563431<\/p>\n","protected":false},"excerpt":{"rendered":"<p>M18 FTS210-121B \/ BANCS DE SCIE<\/p>\n","protected":false},"featured_media":600685,"template":"","meta":{"_seopress_robots_primary_cat":"","_seopress_titles_title":"","_seopress_titles_desc":"","_seopress_robots_index":""},"product_brand":[3407],"product_cat":[29,514,558],"product_tag":[3270],"class_list":{"0":"post-608253","1":"product","2":"type-product","3":"status-publish","4":"has-post-thumbnail","6":"product_brand-milwaukee","7":"product_cat-macchinari","8":"product_cat-altri-dispositivi","9":"product_cat-seghe-accessori-vari","10":"product_tag-import-milwau","11":"sws-conto-ricavi-merci-rivendita-macchinari-fr","12":"sws-gruppo-iva-iva81-fr","14":"first","15":"onbackorder","16":"sale","17":"shipping-taxable","18":"purchasable","19":"product-type-simple"},"_links":{"self":[{"href":"https:\/\/lucacastelli.com\/fr\/wp-json\/wp\/v2\/product\/608253","targetHints":{"allow":["GET"]}}],"collection":[{"href":"https:\/\/lucacastelli.com\/fr\/wp-json\/wp\/v2\/product"}],"about":[{"href":"https:\/\/lucacastelli.com\/fr\/wp-json\/wp\/v2\/types\/product"}],"wp:featuredmedia":[{"embeddable":true,"href":"https:\/\/lucacastelli.com\/fr\/wp-json\/wp\/v2\/media\/600685"}],"wp:attachment":[{"href":"https:\/\/lucacastelli.com\/fr\/wp-json\/wp\/v2\/media?parent=608253"}],"wp:term":[{"taxonomy":"product_brand","embeddable":true,"href":"https:\/\/lucacastelli.com\/fr\/wp-json\/wp\/v2\/product_brand?post=608253"},{"taxonomy":"product_cat","embeddable":true,"href":"https:\/\/lucacastelli.com\/fr\/wp-json\/wp\/v2\/product_cat?post=608253"},{"taxonomy":"product_tag","embeddable":true,"href":"https:\/\/lucacastelli.com\/fr\/wp-json\/wp\/v2\/product_tag?post=608253"}],"curies":[{"name":"wp","href":"https:\/\/api.w.org\/{rel}","templated":true}]}}