{"id":608249,"date":"2025-08-10T17:12:30","date_gmt":"2025-08-10T15:12:30","guid":{"rendered":"https:\/\/lucacastelli.com\/prodotto\/milwaukee-prise-multiple-magnetique\/"},"modified":"2025-08-10T17:12:30","modified_gmt":"2025-08-10T15:12:30","slug":"milwaukee-prise-multiple-magnetique","status":"publish","type":"product","link":"https:\/\/lucacastelli.com\/fr\/produit\/milwaukee-prise-multiple-magnetique\/","title":{"rendered":"Milwaukee Prise multiple magn\u00e9tique"},"content":{"rendered":"<p>CENTRE D&#8217;ALIMENTATION MAGN\u00c9TIQUE EU<br \/>\nPrise magn\u00e9tique avec 3 fiches EU et 2 connecteurs USB femelles;Le support magn\u00e9tique permet un positionnement s\u00fbr sur toute surface m\u00e9tallique<\/p>\n<p>4932498959<\/p>\n","protected":false},"excerpt":{"rendered":"<p>CENTRE DE PUISSANCE MAGN\u00c9TIQUE EU<\/p>\n","protected":false},"featured_media":567689,"template":"","meta":{"_seopress_robots_primary_cat":"","_seopress_titles_title":"","_seopress_titles_desc":"","_seopress_robots_index":""},"product_brand":[3407],"product_cat":[5531,29],"product_tag":[3270],"class_list":{"0":"post-608249","1":"product","2":"type-product","3":"status-publish","4":"has-post-thumbnail","6":"product_brand-milwaukee","7":"product_cat-vari-macchinari-milwaukee","8":"product_cat-macchinari","9":"product_tag-import-milwau","10":"sws-conto-ricavi-merci-rivendita-macchinari-fr","11":"sws-gruppo-iva-iva81-fr","13":"first","14":"onbackorder","15":"sale","16":"shipping-taxable","17":"purchasable","18":"product-type-simple"},"_links":{"self":[{"href":"https:\/\/lucacastelli.com\/fr\/wp-json\/wp\/v2\/product\/608249","targetHints":{"allow":["GET"]}}],"collection":[{"href":"https:\/\/lucacastelli.com\/fr\/wp-json\/wp\/v2\/product"}],"about":[{"href":"https:\/\/lucacastelli.com\/fr\/wp-json\/wp\/v2\/types\/product"}],"wp:featuredmedia":[{"embeddable":true,"href":"https:\/\/lucacastelli.com\/fr\/wp-json\/wp\/v2\/media\/567689"}],"wp:attachment":[{"href":"https:\/\/lucacastelli.com\/fr\/wp-json\/wp\/v2\/media?parent=608249"}],"wp:term":[{"taxonomy":"product_brand","embeddable":true,"href":"https:\/\/lucacastelli.com\/fr\/wp-json\/wp\/v2\/product_brand?post=608249"},{"taxonomy":"product_cat","embeddable":true,"href":"https:\/\/lucacastelli.com\/fr\/wp-json\/wp\/v2\/product_cat?post=608249"},{"taxonomy":"product_tag","embeddable":true,"href":"https:\/\/lucacastelli.com\/fr\/wp-json\/wp\/v2\/product_tag?post=608249"}],"curies":[{"name":"wp","href":"https:\/\/api.w.org\/{rel}","templated":true}]}}