{"id":608243,"date":"2025-08-10T17:12:27","date_gmt":"2025-08-10T15:12:27","guid":{"rendered":"https:\/\/lucacastelli.com\/prodotto\/milwaukee-pxph-50i-25\/"},"modified":"2025-08-10T17:12:27","modified_gmt":"2025-08-10T15:12:27","slug":"milwaukee-pxph-50i-25","status":"publish","type":"product","link":"https:\/\/lucacastelli.com\/fr\/produit\/milwaukee-pxph-50i-25\/","title":{"rendered":"MILWAUKEE PXPH 50I &#8211; 25"},"content":{"rendered":"<p>PXPH50I-25 \/EXPANSORS<br \/>\nGr\u00e2ce \u00e0 leur caract\u00e9ristique sp\u00e9ciale de t\u00eate auto-rotative, les t\u00eates d&#8217;expanseur Q&amp;E sont non seulement compatibles avec les outils M12\u2122 et M18, mais aussi avec la plupart des outils Uponor\u2122. Fabriqu\u00e9es en acier renforc\u00e9, elles offrent une durabilit\u00e9 et une r\u00e9sistance maximales \u00e0 toutes les temp\u00e9ratures. Les anneaux sont dot\u00e9s d&#8217;un code couleur pour une identification rapide et facile.  <\/p>\n<p>4932479582<br \/>\n4058546373764<\/p>\n","protected":false},"excerpt":{"rendered":"<p>PXPH50I-25 \/D\u00c9TENDEURS<\/p>\n","protected":false},"featured_media":544273,"template":"","meta":{"_seopress_robots_primary_cat":"","_seopress_titles_title":"","_seopress_titles_desc":"","_seopress_robots_index":""},"product_brand":[3407],"product_cat":[5531,29],"product_tag":[3270],"class_list":{"0":"post-608243","1":"product","2":"type-product","3":"status-publish","4":"has-post-thumbnail","6":"product_brand-milwaukee","7":"product_cat-vari-macchinari-milwaukee","8":"product_cat-macchinari","9":"product_tag-import-milwau","10":"sws-conto-ricavi-merci-rivendita-macchinari-fr","11":"sws-gruppo-iva-iva81-fr","13":"first","14":"onbackorder","15":"sale","16":"shipping-taxable","17":"purchasable","18":"product-type-simple"},"_links":{"self":[{"href":"https:\/\/lucacastelli.com\/fr\/wp-json\/wp\/v2\/product\/608243","targetHints":{"allow":["GET"]}}],"collection":[{"href":"https:\/\/lucacastelli.com\/fr\/wp-json\/wp\/v2\/product"}],"about":[{"href":"https:\/\/lucacastelli.com\/fr\/wp-json\/wp\/v2\/types\/product"}],"wp:featuredmedia":[{"embeddable":true,"href":"https:\/\/lucacastelli.com\/fr\/wp-json\/wp\/v2\/media\/544273"}],"wp:attachment":[{"href":"https:\/\/lucacastelli.com\/fr\/wp-json\/wp\/v2\/media?parent=608243"}],"wp:term":[{"taxonomy":"product_brand","embeddable":true,"href":"https:\/\/lucacastelli.com\/fr\/wp-json\/wp\/v2\/product_brand?post=608243"},{"taxonomy":"product_cat","embeddable":true,"href":"https:\/\/lucacastelli.com\/fr\/wp-json\/wp\/v2\/product_cat?post=608243"},{"taxonomy":"product_tag","embeddable":true,"href":"https:\/\/lucacastelli.com\/fr\/wp-json\/wp\/v2\/product_tag?post=608243"}],"curies":[{"name":"wp","href":"https:\/\/api.w.org\/{rel}","templated":true}]}}