{"id":608240,"date":"2025-08-10T18:36:35","date_gmt":"2025-08-10T16:36:35","guid":{"rendered":"https:\/\/lucacastelli.com\/prodotto\/milwaukee-polonais-1500\/"},"modified":"2025-08-10T18:36:35","modified_gmt":"2025-08-10T16:36:35","slug":"milwaukee-polonais-1500","status":"publish","type":"product","link":"https:\/\/lucacastelli.com\/fr\/produit\/milwaukee-polonais-1500\/","title":{"rendered":"Milwaukee Polonais 1500"},"content":{"rendered":"<p>PASTA ROSSA &#8211; GROSSOLANA (bouteille de 1l)<br \/>\nPolish \u00e0 gros grains 1500 pour \u00e9liminer les rayures profondes sans endommager la peinture. Convient pour \u00e9liminer les grains de poussi\u00e8re, la peau d&#8217;orange, les coulures de peinture et les rayures profondes. Exempt de cire, de silicone et de solvants toxiques. Nous recommandons l&#8217;utilisation d&#8217;une \u00e9ponge rouge dure et d&#8217;un chiffon de polissage rouge.<br \/>\nFacile \u00e0 utiliser : code couleur pour la p\u00e2te abrasive, l&#8217;\u00e9ponge et le chiffon afin d&#8217;\u00e9viter toute confusion et d&#8217;emp\u00eacher la contamination des diff\u00e9rents compos\u00e9s abrasifs;P\u00e2te abrasive rouge pour l&#8217;\u00e9limination des rayures profondes \u00e0 micro rayures.   <\/p>\n<p>&nbsp;<\/p>\n","protected":false},"excerpt":{"rendered":"<p>PASTA ROSSA &#8211; GROSSOLANA (bouteille de 1l)<\/p>\n","protected":false},"featured_media":555779,"template":"","meta":{"_seopress_robots_primary_cat":"none","_seopress_titles_title":"","_seopress_titles_desc":"","_seopress_robots_index":""},"product_brand":[3407],"product_cat":[29,514,555],"product_tag":[3270],"class_list":{"0":"post-608240","1":"product","2":"type-product","3":"status-publish","4":"has-post-thumbnail","6":"product_brand-milwaukee","7":"product_cat-macchinari","8":"product_cat-altri-dispositivi","9":"product_cat-smerigliatrici","10":"product_tag-import-milwau","11":"sws-conto-ricavi-merci-rivendita-macchinari-fr","12":"sws-gruppo-iva-iva81-fr","14":"first","15":"instock","16":"shipping-taxable","17":"purchasable","18":"product-type-simple"},"_links":{"self":[{"href":"https:\/\/lucacastelli.com\/fr\/wp-json\/wp\/v2\/product\/608240","targetHints":{"allow":["GET"]}}],"collection":[{"href":"https:\/\/lucacastelli.com\/fr\/wp-json\/wp\/v2\/product"}],"about":[{"href":"https:\/\/lucacastelli.com\/fr\/wp-json\/wp\/v2\/types\/product"}],"wp:featuredmedia":[{"embeddable":true,"href":"https:\/\/lucacastelli.com\/fr\/wp-json\/wp\/v2\/media\/555779"}],"wp:attachment":[{"href":"https:\/\/lucacastelli.com\/fr\/wp-json\/wp\/v2\/media?parent=608240"}],"wp:term":[{"taxonomy":"product_brand","embeddable":true,"href":"https:\/\/lucacastelli.com\/fr\/wp-json\/wp\/v2\/product_brand?post=608240"},{"taxonomy":"product_cat","embeddable":true,"href":"https:\/\/lucacastelli.com\/fr\/wp-json\/wp\/v2\/product_cat?post=608240"},{"taxonomy":"product_tag","embeddable":true,"href":"https:\/\/lucacastelli.com\/fr\/wp-json\/wp\/v2\/product_tag?post=608240"}],"curies":[{"name":"wp","href":"https:\/\/api.w.org\/{rel}","templated":true}]}}