{"id":608239,"date":"2025-08-10T18:36:34","date_gmt":"2025-08-10T16:36:34","guid":{"rendered":"https:\/\/lucacastelli.com\/prodotto\/milwaukee-polonais-2000\/"},"modified":"2025-08-10T18:36:34","modified_gmt":"2025-08-10T16:36:34","slug":"milwaukee-polonais-2000","status":"publish","type":"product","link":"https:\/\/lucacastelli.com\/fr\/produit\/milwaukee-polonais-2000\/","title":{"rendered":"Milwaukee Polonais 2000"},"content":{"rendered":"<p>PATE JAUNE &#8211; FINE (bouteille de 1l)<br \/>\nUn polish de 2000 \u00e0 gros grains pour \u00e9liminer les fines rayures sans endommager la peinture. Exempte de cire, de silicone et de solvants toxiques. Nous recommandons l&#8217;utilisation d&#8217;une \u00e9ponge jaune fine et douce et d&#8217;un chiffon de polissage jaune.  <\/p>\n<p>Facile \u00e0 utiliser : code couleur pour la p\u00e2te abrasive, l&#8217;\u00e9ponge et le chiffon afin d&#8217;\u00e9viter toute confusion et d&#8217;emp\u00eacher la contamination des diff\u00e9rents compos\u00e9s abrasifs ;P\u00e2te abrasive jaune pour enlever les hologrammes.<\/p>\n<p>4932492301<br \/>\n4058546416683<\/p>\n","protected":false},"excerpt":{"rendered":"<p>P\u00c2TE JAUNE &#8211; FINE (bouteille de 1l)<\/p>\n","protected":false},"featured_media":555788,"template":"","meta":{"_seopress_robots_primary_cat":"none","_seopress_titles_title":"","_seopress_titles_desc":"","_seopress_robots_index":""},"product_brand":[3407],"product_cat":[29,514,555],"product_tag":[3270],"class_list":{"0":"post-608239","1":"product","2":"type-product","3":"status-publish","4":"has-post-thumbnail","6":"product_brand-milwaukee","7":"product_cat-macchinari","8":"product_cat-altri-dispositivi","9":"product_cat-smerigliatrici","10":"product_tag-import-milwau","11":"sws-conto-ricavi-merci-rivendita-macchinari-fr","12":"sws-gruppo-iva-iva81-fr","14":"first","15":"instock","16":"shipping-taxable","17":"purchasable","18":"product-type-simple"},"_links":{"self":[{"href":"https:\/\/lucacastelli.com\/fr\/wp-json\/wp\/v2\/product\/608239","targetHints":{"allow":["GET"]}}],"collection":[{"href":"https:\/\/lucacastelli.com\/fr\/wp-json\/wp\/v2\/product"}],"about":[{"href":"https:\/\/lucacastelli.com\/fr\/wp-json\/wp\/v2\/types\/product"}],"wp:featuredmedia":[{"embeddable":true,"href":"https:\/\/lucacastelli.com\/fr\/wp-json\/wp\/v2\/media\/555788"}],"wp:attachment":[{"href":"https:\/\/lucacastelli.com\/fr\/wp-json\/wp\/v2\/media?parent=608239"}],"wp:term":[{"taxonomy":"product_brand","embeddable":true,"href":"https:\/\/lucacastelli.com\/fr\/wp-json\/wp\/v2\/product_brand?post=608239"},{"taxonomy":"product_cat","embeddable":true,"href":"https:\/\/lucacastelli.com\/fr\/wp-json\/wp\/v2\/product_cat?post=608239"},{"taxonomy":"product_tag","embeddable":true,"href":"https:\/\/lucacastelli.com\/fr\/wp-json\/wp\/v2\/product_tag?post=608239"}],"curies":[{"name":"wp","href":"https:\/\/api.w.org\/{rel}","templated":true}]}}